{"id":8423,"date":"2023-07-26T18:21:59","date_gmt":"2023-07-26T16:21:59","guid":{"rendered":"https:\/\/www.mr-vin.com\/?post_type=product&#038;p=8423"},"modified":"2024-05-30T12:57:17","modified_gmt":"2024-05-30T10:57:17","slug":"vina-chelus","status":"publish","type":"product","link":"https:\/\/www.mr-vin.com\/en\/product\/vina-chelus\/","title":{"rendered":"Vi\u00f1a Chelus"},"content":{"rendered":"<p>Un tinto resultado de una<strong>\u00a0coupage\u00a0<\/strong>de las <strong>variedades<\/strong> de<b>\u00a0uva Tempranillo con Viura, Malvas\u00eda, Graciano y Garnacha\u00a0<\/b>procedentes de una<b>\u00a0vi\u00f1a singular\u00a0<\/b>y con una<b>\u00a0crianza de 17 meses<\/b>\u00a0en barricas de roble franc\u00e9s.<\/p>\n<p>La vendimia se realiza a mano y los racimos se depositan en peque\u00f1as cajas que, una vez en bodega, pasan 12 horas en c\u00e1mara de fr\u00edo para la estabilizaci\u00f3n del color. Se realiza una doble mesa de selecci\u00f3n manual de los racimos y de las uvas.<\/p>\n","protected":false},"excerpt":{"rendered":"<p>Un tinto resultado de una\u00a0coupage\u00a0de las variedades de\u00a0uva Tempranillo con Viura, Malvas\u00eda, Graciano y Garnacha\u00a0procedentes de una\u00a0vi\u00f1a singular\u00a0y con una\u00a0crianza\u2026<\/p>\n","protected":false},"featured_media":8424,"template":"","meta":{"inline_featured_image":false,"_monsterinsights_skip_tracking":false,"_monsterinsights_sitenote_active":false,"_monsterinsights_sitenote_note":"","_monsterinsights_sitenote_category":0},"product_brand":[],"product_cat":[792,77],"product_tag":[],"class_list":{"0":"post-8423","1":"product","2":"type-product","3":"status-publish","4":"has-post-thumbnail","6":"product_cat-novedades","7":"product_cat-vinos-tintos","8":"pa_bodega-amaren","9":"pa_zona-vinicola-d-o-c-rioja","11":"first","12":"instock","13":"taxable","14":"shipping-taxable","15":"purchasable","16":"product-type-simple"},"_links":{"self":[{"href":"https:\/\/www.mr-vin.com\/en\/wp-json\/wp\/v2\/product\/8423","targetHints":{"allow":["GET"]}}],"collection":[{"href":"https:\/\/www.mr-vin.com\/en\/wp-json\/wp\/v2\/product"}],"about":[{"href":"https:\/\/www.mr-vin.com\/en\/wp-json\/wp\/v2\/types\/product"}],"wp:featuredmedia":[{"embeddable":true,"href":"https:\/\/www.mr-vin.com\/en\/wp-json\/wp\/v2\/media\/8424"}],"wp:attachment":[{"href":"https:\/\/www.mr-vin.com\/en\/wp-json\/wp\/v2\/media?parent=8423"}],"wp:term":[{"taxonomy":"product_brand","embeddable":true,"href":"https:\/\/www.mr-vin.com\/en\/wp-json\/wp\/v2\/product_brand?post=8423"},{"taxonomy":"product_cat","embeddable":true,"href":"https:\/\/www.mr-vin.com\/en\/wp-json\/wp\/v2\/product_cat?post=8423"},{"taxonomy":"product_tag","embeddable":true,"href":"https:\/\/www.mr-vin.com\/en\/wp-json\/wp\/v2\/product_tag?post=8423"}],"curies":[{"name":"wp","href":"https:\/\/api.w.org\/{rel}","templated":true}]}}