{"id":8402,"date":"2023-07-25T13:33:41","date_gmt":"2023-07-25T11:33:41","guid":{"rendered":"https:\/\/www.mr-vin.com\/?post_type=product&#038;p=8402"},"modified":"2024-05-30T12:57:17","modified_gmt":"2024-05-30T10:57:17","slug":"el-cristo-de-samaniego","status":"publish","type":"product","link":"https:\/\/www.mr-vin.com\/en\/product\/el-cristo-de-samaniego\/","title":{"rendered":"El Cristo de Samaniego"},"content":{"rendered":"<p><strong>Variedad:<\/strong> Tempranillo, Garnacha, Viura y Malvas\u00eda Riojana.<\/p>\n<p>Fermentaci\u00f3n malol\u00e1ctica en barricas de roble 50% en barricade 500l. y 50% en barricas de 225l. y posterior crianza de 14 meses en botella.<br \/>\nVendimia de forma manual en peque\u00f1as cajas, 12 horas en c\u00e1mara frigor\u00edfica para una correcta estabilizaci\u00f3n del color. Doble mesa de selecci\u00f3n de racimos y granos.<\/p>\n","protected":false},"excerpt":{"rendered":"<p>Variedad: Tempranillo, Garnacha, Viura y Malvas\u00eda Riojana. Fermentaci\u00f3n malol\u00e1ctica en barricas de roble 50% en barricade 500l. y 50% en\u2026<\/p>\n","protected":false},"featured_media":8403,"template":"","meta":{"inline_featured_image":false,"_monsterinsights_skip_tracking":false,"_monsterinsights_sitenote_active":false,"_monsterinsights_sitenote_note":"","_monsterinsights_sitenote_category":0},"product_brand":[],"product_cat":[792,77],"product_tag":[],"class_list":{"0":"post-8402","1":"product","2":"type-product","3":"status-publish","4":"has-post-thumbnail","6":"product_cat-novedades","7":"product_cat-vinos-tintos","8":"pa_bodega-amaren","9":"pa_zona-vinicola-d-o-c-rioja","11":"first","12":"instock","13":"taxable","14":"shipping-taxable","15":"purchasable","16":"product-type-simple"},"_links":{"self":[{"href":"https:\/\/www.mr-vin.com\/en\/wp-json\/wp\/v2\/product\/8402","targetHints":{"allow":["GET"]}}],"collection":[{"href":"https:\/\/www.mr-vin.com\/en\/wp-json\/wp\/v2\/product"}],"about":[{"href":"https:\/\/www.mr-vin.com\/en\/wp-json\/wp\/v2\/types\/product"}],"wp:featuredmedia":[{"embeddable":true,"href":"https:\/\/www.mr-vin.com\/en\/wp-json\/wp\/v2\/media\/8403"}],"wp:attachment":[{"href":"https:\/\/www.mr-vin.com\/en\/wp-json\/wp\/v2\/media?parent=8402"}],"wp:term":[{"taxonomy":"product_brand","embeddable":true,"href":"https:\/\/www.mr-vin.com\/en\/wp-json\/wp\/v2\/product_brand?post=8402"},{"taxonomy":"product_cat","embeddable":true,"href":"https:\/\/www.mr-vin.com\/en\/wp-json\/wp\/v2\/product_cat?post=8402"},{"taxonomy":"product_tag","embeddable":true,"href":"https:\/\/www.mr-vin.com\/en\/wp-json\/wp\/v2\/product_tag?post=8402"}],"curies":[{"name":"wp","href":"https:\/\/api.w.org\/{rel}","templated":true}]}}