{"id":8397,"date":"2023-07-20T18:17:20","date_gmt":"2023-07-20T16:17:20","guid":{"rendered":"https:\/\/www.mr-vin.com\/?post_type=product&#038;p=8397"},"modified":"2025-08-11T22:11:20","modified_gmt":"2025-08-11T20:11:20","slug":"bardos-suprema-30-anos","status":"publish","type":"product","link":"https:\/\/www.mr-vin.com\/en\/product\/bardos-suprema-30-anos\/","title":{"rendered":"Bardos Suprema 30 a\u00f1os"},"content":{"rendered":"<p>Elaborado de forma artesanal a partir de algunos de los\u00a0<strong>vi\u00f1edos m\u00e1s altos y antiguos de la Ribera del Duero<\/strong>, Bardos Suprema refleja el car\u00e1cter y el clima castellano\u00a0y est\u00e1 creado en honor de todos los hombres y mujeres que dedican su vida al campo en\u00a0<strong>la zona m\u00e1s dura de esta D.O<\/strong>.<\/p>\n<p>Crianza de m\u00e1s de 30 meses en barricas nuevas de roble franc\u00e9s en calados subterr\u00e1neos a una temperatura constante durante todo el a\u00f1o de 14 \u00baC aproximadamente.<\/p>\n","protected":false},"excerpt":{"rendered":"<p>Elaborado de forma artesanal a partir de algunos de los\u00a0vi\u00f1edos m\u00e1s altos y antiguos de la Ribera del Duero, Bardos\u2026<\/p>\n","protected":false},"featured_media":8398,"template":"","meta":{"inline_featured_image":false,"_monsterinsights_skip_tracking":false,"_monsterinsights_sitenote_active":false,"_monsterinsights_sitenote_note":"","_monsterinsights_sitenote_category":0},"product_brand":[],"product_cat":[792,77],"product_tag":[],"class_list":{"0":"post-8397","1":"product","2":"type-product","3":"status-publish","4":"has-post-thumbnail","6":"product_cat-novedades","7":"product_cat-vinos-tintos","8":"pa_bodega-bardos","9":"pa_zona-vinicola-d-o-ribera-del-duero","11":"first","12":"instock","13":"taxable","14":"shipping-taxable","15":"purchasable","16":"product-type-simple"},"_links":{"self":[{"href":"https:\/\/www.mr-vin.com\/en\/wp-json\/wp\/v2\/product\/8397","targetHints":{"allow":["GET"]}}],"collection":[{"href":"https:\/\/www.mr-vin.com\/en\/wp-json\/wp\/v2\/product"}],"about":[{"href":"https:\/\/www.mr-vin.com\/en\/wp-json\/wp\/v2\/types\/product"}],"wp:featuredmedia":[{"embeddable":true,"href":"https:\/\/www.mr-vin.com\/en\/wp-json\/wp\/v2\/media\/8398"}],"wp:attachment":[{"href":"https:\/\/www.mr-vin.com\/en\/wp-json\/wp\/v2\/media?parent=8397"}],"wp:term":[{"taxonomy":"product_brand","embeddable":true,"href":"https:\/\/www.mr-vin.com\/en\/wp-json\/wp\/v2\/product_brand?post=8397"},{"taxonomy":"product_cat","embeddable":true,"href":"https:\/\/www.mr-vin.com\/en\/wp-json\/wp\/v2\/product_cat?post=8397"},{"taxonomy":"product_tag","embeddable":true,"href":"https:\/\/www.mr-vin.com\/en\/wp-json\/wp\/v2\/product_tag?post=8397"}],"curies":[{"name":"wp","href":"https:\/\/api.w.org\/{rel}","templated":true}]}}