{"id":8385,"date":"2023-07-19T18:39:40","date_gmt":"2023-07-19T16:39:40","guid":{"rendered":"https:\/\/www.mr-vin.com\/?post_type=product&#038;p=8385"},"modified":"2024-05-30T12:57:17","modified_gmt":"2024-05-30T10:57:17","slug":"amaren-reserva-60-tempranillo","status":"publish","type":"product","link":"https:\/\/www.mr-vin.com\/en\/product\/amaren-reserva-60-tempranillo\/","title":{"rendered":"Amaren Reserva 60 Tempranillo"},"content":{"rendered":"<p>En este\u00a0<strong>reserva de Tempranillo<\/strong>, la bodega se volc\u00f3 en seleccionar\u00a0<strong>solo la mejor uva<\/strong>\u00a0de sus vi\u00f1edos. Una doble mesa de selecci\u00f3n manual, tras la vendimia, que primero selecciona racimos y posteriormente elimina granos imperfectos, se asegura de ello. Un tinto\u00a0<strong>carnoso y envolvente<\/strong>, buen representante de la gran tradici\u00f3n de crianzas en la zona de Rioja Alavesa. Este es uno de los vinos emblem\u00e1ticos de la bodega por haber sido el primero en elaborarse en Amaren.<\/p>\n<p>Una vez finalizada la fermentaci\u00f3n malol\u00e1ctica y haber creado una buena boca, se cr\u00eda 18 meses en barricas de roble franc\u00e9s y americano nuevas y de segundo uso.<\/p>\n","protected":false},"excerpt":{"rendered":"<p>En este\u00a0reserva de Tempranillo, la bodega se volc\u00f3 en seleccionar\u00a0solo la mejor uva\u00a0de sus vi\u00f1edos. Una doble mesa de selecci\u00f3n\u2026<\/p>\n","protected":false},"featured_media":8386,"template":"","meta":{"inline_featured_image":false,"_monsterinsights_skip_tracking":false,"_monsterinsights_sitenote_active":false,"_monsterinsights_sitenote_note":"","_monsterinsights_sitenote_category":0},"product_brand":[],"product_cat":[792,77],"product_tag":[],"class_list":{"0":"post-8385","1":"product","2":"type-product","3":"status-publish","4":"has-post-thumbnail","6":"product_cat-novedades","7":"product_cat-vinos-tintos","8":"pa_bodega-amaren","9":"pa_zona-vinicola-d-o-c-rioja","11":"first","12":"instock","13":"taxable","14":"shipping-taxable","15":"purchasable","16":"product-type-simple"},"_links":{"self":[{"href":"https:\/\/www.mr-vin.com\/en\/wp-json\/wp\/v2\/product\/8385","targetHints":{"allow":["GET"]}}],"collection":[{"href":"https:\/\/www.mr-vin.com\/en\/wp-json\/wp\/v2\/product"}],"about":[{"href":"https:\/\/www.mr-vin.com\/en\/wp-json\/wp\/v2\/types\/product"}],"wp:featuredmedia":[{"embeddable":true,"href":"https:\/\/www.mr-vin.com\/en\/wp-json\/wp\/v2\/media\/8386"}],"wp:attachment":[{"href":"https:\/\/www.mr-vin.com\/en\/wp-json\/wp\/v2\/media?parent=8385"}],"wp:term":[{"taxonomy":"product_brand","embeddable":true,"href":"https:\/\/www.mr-vin.com\/en\/wp-json\/wp\/v2\/product_brand?post=8385"},{"taxonomy":"product_cat","embeddable":true,"href":"https:\/\/www.mr-vin.com\/en\/wp-json\/wp\/v2\/product_cat?post=8385"},{"taxonomy":"product_tag","embeddable":true,"href":"https:\/\/www.mr-vin.com\/en\/wp-json\/wp\/v2\/product_tag?post=8385"}],"curies":[{"name":"wp","href":"https:\/\/api.w.org\/{rel}","templated":true}]}}