{"id":8358,"date":"2023-07-19T12:18:33","date_gmt":"2023-07-19T10:18:33","guid":{"rendered":"https:\/\/www.mr-vin.com\/?post_type=product&#038;p=8358"},"modified":"2024-05-30T12:57:17","modified_gmt":"2024-05-30T10:57:17","slug":"granja-remelluri-gran-reserva","status":"publish","type":"product","link":"https:\/\/www.mr-vin.com\/en\/product\/granja-remelluri-gran-reserva\/","title":{"rendered":"Granja Remelluri Gran Reserva"},"content":{"rendered":"<p>Este espectacular tinto\u00a0<strong>representa la esencia de Granja Nuestra Se\u00f1ora de Remelluri<\/strong>, la primera bodega de Rioja basada en una \u00fanica propiedad vit\u00edcola seg\u00fan el modelo cl\u00e1sico del Medoc bordel\u00e9s. Las uvas provienen de la selecci\u00f3n de los mejores vi\u00f1edos que rodean la bodega desde su fundaci\u00f3n por los monjes jer\u00f3nimos en el siglo XIV. En esta a\u00f1ada el porcentaje de\u00a0<strong>Garnacha aumenta<\/strong>, equipar\u00e1ndose al nivel de Tempranillo.<\/p>\n<p><strong>Variedad:<\/strong> Tempranillo, Garnacha y Graciano.<\/p>\n","protected":false},"excerpt":{"rendered":"<p>Este espectacular tinto\u00a0representa la esencia de Granja Nuestra Se\u00f1ora de Remelluri, la primera bodega de Rioja basada en una \u00fanica\u2026<\/p>\n","protected":false},"featured_media":8359,"template":"","meta":{"inline_featured_image":false,"_monsterinsights_skip_tracking":false,"_monsterinsights_sitenote_active":false,"_monsterinsights_sitenote_note":"","_monsterinsights_sitenote_category":0},"product_brand":[],"product_cat":[792,77],"product_tag":[],"class_list":{"0":"post-8358","1":"product","2":"type-product","3":"status-publish","4":"has-post-thumbnail","6":"product_cat-novedades","7":"product_cat-vinos-tintos","8":"pa_bodega-remelluri","9":"pa_zona-vinicola-d-o-c-rioja","11":"first","12":"instock","13":"taxable","14":"shipping-taxable","15":"purchasable","16":"product-type-simple"},"_links":{"self":[{"href":"https:\/\/www.mr-vin.com\/en\/wp-json\/wp\/v2\/product\/8358","targetHints":{"allow":["GET"]}}],"collection":[{"href":"https:\/\/www.mr-vin.com\/en\/wp-json\/wp\/v2\/product"}],"about":[{"href":"https:\/\/www.mr-vin.com\/en\/wp-json\/wp\/v2\/types\/product"}],"wp:featuredmedia":[{"embeddable":true,"href":"https:\/\/www.mr-vin.com\/en\/wp-json\/wp\/v2\/media\/8359"}],"wp:attachment":[{"href":"https:\/\/www.mr-vin.com\/en\/wp-json\/wp\/v2\/media?parent=8358"}],"wp:term":[{"taxonomy":"product_brand","embeddable":true,"href":"https:\/\/www.mr-vin.com\/en\/wp-json\/wp\/v2\/product_brand?post=8358"},{"taxonomy":"product_cat","embeddable":true,"href":"https:\/\/www.mr-vin.com\/en\/wp-json\/wp\/v2\/product_cat?post=8358"},{"taxonomy":"product_tag","embeddable":true,"href":"https:\/\/www.mr-vin.com\/en\/wp-json\/wp\/v2\/product_tag?post=8358"}],"curies":[{"name":"wp","href":"https:\/\/api.w.org\/{rel}","templated":true}]}}