{"id":8348,"date":"2023-07-17T17:18:03","date_gmt":"2023-07-17T15:18:03","guid":{"rendered":"https:\/\/www.mr-vin.com\/?post_type=product&#038;p=8348"},"modified":"2024-05-30T12:57:17","modified_gmt":"2024-05-30T10:57:17","slug":"tridente-rejon-tempranillo","status":"publish","type":"product","link":"https:\/\/www.mr-vin.com\/en\/product\/tridente-rejon-tempranillo\/","title":{"rendered":"Tridente Rej\u00f3n Tempranillo"},"content":{"rendered":"<p><strong>Rej\u00f3n\u00a0<\/strong>es un vino elaborado con\u00a0<strong>Tempranillo<\/strong>\u00a0de un vi\u00f1edo de m\u00e1s de 130 a\u00f1os de edad, situado en el municipio de El Pego.<\/p>\n<p>La vendimia es manual, en cajas de 15 kg, una vez en la bodega fermenta en peque\u00f1os tanques de acero inoxidable a temperatura controlada, 25\u00b0C, durante unos 20-25 d\u00edas, termin\u00e1ndola en barricas de roble franc\u00e9s de 225 litros. En estas barricas realiza tambi\u00e9n la fermentaci\u00f3n malol\u00e1ctica y reposa un m\u00ednimo de 20 meses.<\/p>\n","protected":false},"excerpt":{"rendered":"<p>Rej\u00f3n\u00a0es un vino elaborado con\u00a0Tempranillo\u00a0de un vi\u00f1edo de m\u00e1s de 130 a\u00f1os de edad, situado en el municipio de El\u2026<\/p>\n","protected":false},"featured_media":8349,"template":"","meta":{"inline_featured_image":false,"_monsterinsights_skip_tracking":false,"_monsterinsights_sitenote_active":false,"_monsterinsights_sitenote_note":"","_monsterinsights_sitenote_category":0},"product_brand":[],"product_cat":[792,77],"product_tag":[],"class_list":{"0":"post-8348","1":"product","2":"type-product","3":"status-publish","4":"has-post-thumbnail","6":"product_cat-novedades","7":"product_cat-vinos-tintos","8":"pa_bodega-bodegas-tridente","9":"pa_zona-vinicola-v-t-castilla-y-leon","11":"first","12":"instock","13":"taxable","14":"shipping-taxable","15":"purchasable","16":"product-type-simple"},"_links":{"self":[{"href":"https:\/\/www.mr-vin.com\/en\/wp-json\/wp\/v2\/product\/8348","targetHints":{"allow":["GET"]}}],"collection":[{"href":"https:\/\/www.mr-vin.com\/en\/wp-json\/wp\/v2\/product"}],"about":[{"href":"https:\/\/www.mr-vin.com\/en\/wp-json\/wp\/v2\/types\/product"}],"wp:featuredmedia":[{"embeddable":true,"href":"https:\/\/www.mr-vin.com\/en\/wp-json\/wp\/v2\/media\/8349"}],"wp:attachment":[{"href":"https:\/\/www.mr-vin.com\/en\/wp-json\/wp\/v2\/media?parent=8348"}],"wp:term":[{"taxonomy":"product_brand","embeddable":true,"href":"https:\/\/www.mr-vin.com\/en\/wp-json\/wp\/v2\/product_brand?post=8348"},{"taxonomy":"product_cat","embeddable":true,"href":"https:\/\/www.mr-vin.com\/en\/wp-json\/wp\/v2\/product_cat?post=8348"},{"taxonomy":"product_tag","embeddable":true,"href":"https:\/\/www.mr-vin.com\/en\/wp-json\/wp\/v2\/product_tag?post=8348"}],"curies":[{"name":"wp","href":"https:\/\/api.w.org\/{rel}","templated":true}]}}