{"id":8331,"date":"2023-07-13T18:28:25","date_gmt":"2023-07-13T16:28:25","guid":{"rendered":"https:\/\/www.mr-vin.com\/?post_type=product&#038;p=8331"},"modified":"2024-05-30T12:57:16","modified_gmt":"2024-05-30T10:57:16","slug":"la-cueva-del-contador","status":"publish","type":"product","link":"https:\/\/www.mr-vin.com\/en\/product\/la-cueva-del-contador\/","title":{"rendered":"La cueva del contador"},"content":{"rendered":"<p><strong>La Cueva del Contador<\/strong>\u00a0es un maravilloso vino tinto que elabora en la\u00a0<strong>D.O. La Rioja<\/strong>\u00a0la\u00a0<strong>Bodega Contador<\/strong>.<br \/>\nBodega Contador es el proyecto del genial en\u00f3logo y viticultor\u00a0<strong>Benjam\u00edn Romeo<\/strong>. Benjam\u00edn empez\u00f3 con Bodega Contador en el a\u00f1o 1995, elaborando las primeras a\u00f1adas de la Cueva del Contador y de Contador en una peque\u00f1a cueva centenaria bajo el castillo de San Vicente de la Sonsierra.<\/p>\n<p><strong>La Cueva del Contador<\/strong>\u00a0es un monovarietal de la variedad\u00a0<strong>Tempranillo<\/strong>, uva procedente de 7 peque\u00f1as parcelas propiedad de la bodega situadas en las poblaciones de San Vicente de la Sonriera y \u00c1balos.<br \/>\nDiferentes suelos arciillo-calc\u00e1reos junto a diversas orientaciones, altitudes y microclimas que permitan la elaboraci\u00f3n de un vino muy complejo.<\/p>\n","protected":false},"excerpt":{"rendered":"<p>La Cueva del Contador\u00a0es un maravilloso vino tinto que elabora en la\u00a0D.O. La Rioja\u00a0la\u00a0Bodega Contador. Bodega Contador es el proyecto\u2026<\/p>\n","protected":false},"featured_media":8332,"template":"","meta":{"inline_featured_image":false,"_monsterinsights_skip_tracking":false,"_monsterinsights_sitenote_active":false,"_monsterinsights_sitenote_note":"","_monsterinsights_sitenote_category":0},"product_brand":[],"product_cat":[792,77],"product_tag":[],"class_list":{"0":"post-8331","1":"product","2":"type-product","3":"status-publish","4":"has-post-thumbnail","6":"product_cat-novedades","7":"product_cat-vinos-tintos","8":"pa_bodega-bodegas-contador","9":"pa_zona-vinicola-d-o-c-rioja","11":"first","12":"instock","13":"taxable","14":"shipping-taxable","15":"purchasable","16":"product-type-simple"},"_links":{"self":[{"href":"https:\/\/www.mr-vin.com\/en\/wp-json\/wp\/v2\/product\/8331","targetHints":{"allow":["GET"]}}],"collection":[{"href":"https:\/\/www.mr-vin.com\/en\/wp-json\/wp\/v2\/product"}],"about":[{"href":"https:\/\/www.mr-vin.com\/en\/wp-json\/wp\/v2\/types\/product"}],"wp:featuredmedia":[{"embeddable":true,"href":"https:\/\/www.mr-vin.com\/en\/wp-json\/wp\/v2\/media\/8332"}],"wp:attachment":[{"href":"https:\/\/www.mr-vin.com\/en\/wp-json\/wp\/v2\/media?parent=8331"}],"wp:term":[{"taxonomy":"product_brand","embeddable":true,"href":"https:\/\/www.mr-vin.com\/en\/wp-json\/wp\/v2\/product_brand?post=8331"},{"taxonomy":"product_cat","embeddable":true,"href":"https:\/\/www.mr-vin.com\/en\/wp-json\/wp\/v2\/product_cat?post=8331"},{"taxonomy":"product_tag","embeddable":true,"href":"https:\/\/www.mr-vin.com\/en\/wp-json\/wp\/v2\/product_tag?post=8331"}],"curies":[{"name":"wp","href":"https:\/\/api.w.org\/{rel}","templated":true}]}}