{"id":8328,"date":"2023-07-13T17:40:22","date_gmt":"2023-07-13T15:40:22","guid":{"rendered":"https:\/\/www.mr-vin.com\/?post_type=product&#038;p=8328"},"modified":"2024-05-30T12:57:16","modified_gmt":"2024-05-30T10:57:16","slug":"contador-tinto","status":"publish","type":"product","link":"https:\/\/www.mr-vin.com\/en\/product\/contador-tinto\/","title":{"rendered":"Contador tinto"},"content":{"rendered":"<p>Contador es un vino sin precedentes, famoso por obtener los m\u00edticos\u00a0<strong>100 puntos Parker en dos a\u00f1adas consecutivas<\/strong>\u00a0(la 2004 y la 2005). Lleva el sello del prestigioso elaborador\u00a0<strong>Benjam\u00edn Romeo\u00a0<\/strong>y est\u00e1 considerado el vino m\u00e1s emblem\u00e1tico de la casa. En esta a\u00f1ada se ha utilizado\u00a0<strong>s\u00f3lo uva Tempranillo<\/strong>, que ha dado lugar a un vino con\u00a0<strong>notas frutales muy maduras<\/strong>, con car\u00e1cter\u00a0<strong>bals\u00e1mico y mineral\u00a0<\/strong>y un transfondo de maderas muy bien integrado. Fino y potente a la vez, adem\u00e1s de muy voluminoso. Uno de los grandes vinos de la D.O.Ca. Rioja.<\/p>\n","protected":false},"excerpt":{"rendered":"<p>Contador es un vino sin precedentes, famoso por obtener los m\u00edticos\u00a0100 puntos Parker en dos a\u00f1adas consecutivas\u00a0(la 2004 y la\u2026<\/p>\n","protected":false},"featured_media":8329,"template":"","meta":{"inline_featured_image":false,"_monsterinsights_skip_tracking":false,"_monsterinsights_sitenote_active":false,"_monsterinsights_sitenote_note":"","_monsterinsights_sitenote_category":0},"product_brand":[],"product_cat":[792,77],"product_tag":[],"class_list":{"0":"post-8328","1":"product","2":"type-product","3":"status-publish","4":"has-post-thumbnail","6":"product_cat-novedades","7":"product_cat-vinos-tintos","8":"pa_bodega-bodegas-contador","9":"pa_zona-vinicola-d-o-c-rioja","11":"first","12":"instock","13":"taxable","14":"shipping-taxable","15":"purchasable","16":"product-type-simple"},"_links":{"self":[{"href":"https:\/\/www.mr-vin.com\/en\/wp-json\/wp\/v2\/product\/8328","targetHints":{"allow":["GET"]}}],"collection":[{"href":"https:\/\/www.mr-vin.com\/en\/wp-json\/wp\/v2\/product"}],"about":[{"href":"https:\/\/www.mr-vin.com\/en\/wp-json\/wp\/v2\/types\/product"}],"wp:featuredmedia":[{"embeddable":true,"href":"https:\/\/www.mr-vin.com\/en\/wp-json\/wp\/v2\/media\/8329"}],"wp:attachment":[{"href":"https:\/\/www.mr-vin.com\/en\/wp-json\/wp\/v2\/media?parent=8328"}],"wp:term":[{"taxonomy":"product_brand","embeddable":true,"href":"https:\/\/www.mr-vin.com\/en\/wp-json\/wp\/v2\/product_brand?post=8328"},{"taxonomy":"product_cat","embeddable":true,"href":"https:\/\/www.mr-vin.com\/en\/wp-json\/wp\/v2\/product_cat?post=8328"},{"taxonomy":"product_tag","embeddable":true,"href":"https:\/\/www.mr-vin.com\/en\/wp-json\/wp\/v2\/product_tag?post=8328"}],"curies":[{"name":"wp","href":"https:\/\/api.w.org\/{rel}","templated":true}]}}