{"id":8319,"date":"2023-07-12T17:18:45","date_gmt":"2023-07-12T15:18:45","guid":{"rendered":"https:\/\/www.mr-vin.com\/?post_type=product&#038;p=8319"},"modified":"2024-05-30T12:57:16","modified_gmt":"2024-05-30T10:57:16","slug":"predicador-blanco","status":"publish","type":"product","link":"https:\/\/www.mr-vin.com\/en\/product\/predicador-blanco\/","title":{"rendered":"Predicador blanco"},"content":{"rendered":"<p><strong>Predicador Blanco<\/strong>\u00a0es un vino blanco de la\u00a0<strong>D.O. Rioja<\/strong>\u00a0elaborado por\u00a0<strong>Bodega Contador<\/strong>.<br \/>\nSe trata de un coupage de\u00a0<strong>Garnacha Blanca<\/strong>\u00a0(42%),\u00a0<strong>Viura<\/strong>\u00a0(33%) y\u00a0<strong>Malvas\u00eda<\/strong>\u00a0(25%) procedente de fincas propias plantadas en las poblaciones de San Vicente de la Sonsierra y Briones.<br \/>\nUna de las claves en\u00a0<strong>Bodega Contador<\/strong>\u00a0es la atenci\u00f3n minuciosa sobre el c\u00famulo de detalles durante las diferentes etapas de la elaboraci\u00f3n. La tierra se abona solo algunos a\u00f1os, y siempre con materia org\u00e1nica elaborada en la misma bodega a partir de esti\u00e9rcol de oveja.\u00a0<strong>Bodega Contador<\/strong>\u00a0aplica directrices biodin\u00e1micas durante todo el proceso.<br \/>\nEl mosto flor fermenta en barrica nueva de roble franc\u00e9s, realiza una maceraci\u00f3n en fr\u00edo de 48 horas y una fermentaci\u00f3n a una temperatura controlada de entre 15-18\u00baC.\u00a0<strong>Predicador Blanco<\/strong>\u00a0envejece durante 8 meses en barricas de roble franc\u00e9s nuevas (30%) y barricas de un vino (70%).<br \/>\nUn excelente vino blanco con un paso por madera que le aporta un car\u00e1cter especial.<\/p>\n","protected":false},"excerpt":{"rendered":"<p>Predicador Blanco\u00a0es un vino blanco de la\u00a0D.O. Rioja\u00a0elaborado por\u00a0Bodega Contador. Se trata de un coupage de\u00a0Garnacha Blanca\u00a0(42%),\u00a0Viura\u00a0(33%) y\u00a0Malvas\u00eda\u00a0(25%) procedente de\u2026<\/p>\n","protected":false},"featured_media":8320,"template":"","meta":{"inline_featured_image":false,"_monsterinsights_skip_tracking":false,"_monsterinsights_sitenote_active":false,"_monsterinsights_sitenote_note":"","_monsterinsights_sitenote_category":0},"product_brand":[],"product_cat":[792,79],"product_tag":[],"class_list":{"0":"post-8319","1":"product","2":"type-product","3":"status-publish","4":"has-post-thumbnail","6":"product_cat-novedades","7":"product_cat-vinos-blancos","8":"pa_bodega-bodegas-contador","9":"pa_estilo-blanco-maduro-con-estructura","10":"pa_zona-vinicola-d-o-c-rioja","12":"first","13":"instock","14":"taxable","15":"shipping-taxable","16":"purchasable","17":"product-type-simple"},"_links":{"self":[{"href":"https:\/\/www.mr-vin.com\/en\/wp-json\/wp\/v2\/product\/8319","targetHints":{"allow":["GET"]}}],"collection":[{"href":"https:\/\/www.mr-vin.com\/en\/wp-json\/wp\/v2\/product"}],"about":[{"href":"https:\/\/www.mr-vin.com\/en\/wp-json\/wp\/v2\/types\/product"}],"wp:featuredmedia":[{"embeddable":true,"href":"https:\/\/www.mr-vin.com\/en\/wp-json\/wp\/v2\/media\/8320"}],"wp:attachment":[{"href":"https:\/\/www.mr-vin.com\/en\/wp-json\/wp\/v2\/media?parent=8319"}],"wp:term":[{"taxonomy":"product_brand","embeddable":true,"href":"https:\/\/www.mr-vin.com\/en\/wp-json\/wp\/v2\/product_brand?post=8319"},{"taxonomy":"product_cat","embeddable":true,"href":"https:\/\/www.mr-vin.com\/en\/wp-json\/wp\/v2\/product_cat?post=8319"},{"taxonomy":"product_tag","embeddable":true,"href":"https:\/\/www.mr-vin.com\/en\/wp-json\/wp\/v2\/product_tag?post=8319"}],"curies":[{"name":"wp","href":"https:\/\/api.w.org\/{rel}","templated":true}]}}