{"id":8315,"date":"2023-07-12T10:27:35","date_gmt":"2023-07-12T08:27:35","guid":{"rendered":"https:\/\/www.mr-vin.com\/?post_type=product&#038;p=8315"},"modified":"2024-05-30T12:57:15","modified_gmt":"2024-05-30T10:57:15","slug":"predicador-tinto","status":"publish","type":"product","link":"https:\/\/www.mr-vin.com\/en\/product\/predicador-tinto\/","title":{"rendered":"Predicador tinto"},"content":{"rendered":"<p><strong>Variedad<\/strong> 92% Tempranillo, 3% Garnacha, 3% Mazuelo, 2% Graciano<\/p>\n<p>Con la entrada en el proyecto de los hermanos de Benjam\u00edn Romeo\u00a0se empez\u00f3 a elaborar este vino m\u00e1s asequible en homenaje al personaje de\u00a0<strong>Clint Eastwood\u00a0<\/strong>en la pel\u00edcula\u00a0<em>El jinete p\u00e1lido<\/em>.\u00a0Este ensamblaje\u00a0<strong>procede de las vi\u00f1as m\u00e1s j\u00f3venes de la bodega\u00a0<\/strong>situadas en\u00a0San Vicente de la Sonsierra y Labastida. Destaca por\u00a0su\u00a0<strong>equilibrio, su frescura y elegancia.<\/strong><\/p>\n","protected":false},"excerpt":{"rendered":"<p>Variedad 92% Tempranillo, 3% Garnacha, 3% Mazuelo, 2% Graciano Con la entrada en el proyecto de los hermanos de Benjam\u00edn\u2026<\/p>\n","protected":false},"featured_media":8316,"template":"","meta":{"inline_featured_image":false,"_monsterinsights_skip_tracking":false,"_monsterinsights_sitenote_active":false,"_monsterinsights_sitenote_note":"","_monsterinsights_sitenote_category":0},"product_brand":[],"product_cat":[792,77],"product_tag":[],"class_list":{"0":"post-8315","1":"product","2":"type-product","3":"status-publish","4":"has-post-thumbnail","6":"product_cat-novedades","7":"product_cat-vinos-tintos","8":"pa_bodega-bodegas-contador","9":"pa_zona-vinicola-d-o-c-rioja","11":"first","12":"instock","13":"taxable","14":"shipping-taxable","15":"purchasable","16":"product-type-simple"},"_links":{"self":[{"href":"https:\/\/www.mr-vin.com\/en\/wp-json\/wp\/v2\/product\/8315","targetHints":{"allow":["GET"]}}],"collection":[{"href":"https:\/\/www.mr-vin.com\/en\/wp-json\/wp\/v2\/product"}],"about":[{"href":"https:\/\/www.mr-vin.com\/en\/wp-json\/wp\/v2\/types\/product"}],"wp:featuredmedia":[{"embeddable":true,"href":"https:\/\/www.mr-vin.com\/en\/wp-json\/wp\/v2\/media\/8316"}],"wp:attachment":[{"href":"https:\/\/www.mr-vin.com\/en\/wp-json\/wp\/v2\/media?parent=8315"}],"wp:term":[{"taxonomy":"product_brand","embeddable":true,"href":"https:\/\/www.mr-vin.com\/en\/wp-json\/wp\/v2\/product_brand?post=8315"},{"taxonomy":"product_cat","embeddable":true,"href":"https:\/\/www.mr-vin.com\/en\/wp-json\/wp\/v2\/product_cat?post=8315"},{"taxonomy":"product_tag","embeddable":true,"href":"https:\/\/www.mr-vin.com\/en\/wp-json\/wp\/v2\/product_tag?post=8315"}],"curies":[{"name":"wp","href":"https:\/\/api.w.org\/{rel}","templated":true}]}}