{"id":8312,"date":"2023-07-11T12:52:04","date_gmt":"2023-07-11T10:52:04","guid":{"rendered":"https:\/\/www.mr-vin.com\/?post_type=product&#038;p=8312"},"modified":"2024-05-30T12:57:15","modified_gmt":"2024-05-30T10:57:15","slug":"amador-medrano-parcela-148","status":"publish","type":"product","link":"https:\/\/www.mr-vin.com\/en\/product\/amador-medrano-parcela-148\/","title":{"rendered":"Amador Medrano Parcela 14,8"},"content":{"rendered":"<p><strong>Variedad<\/strong> 100% Tempranillo.<\/p>\n<p>Un extraordinario vino de min\u00fascula producci\u00f3n, solo 600 botellas. Las uvas nacen en\u00a0una peque\u00f1\u00edsima parcela de solo 0,2 hect\u00e1reas que entrega una uvas sensacionales. Un tinto de disfrute con lo mejor de la Rioja alavesa en su interior. Con una\u00a0<strong>nariz prodigiosa donde la fruta y las especias dulces son las protagonistas, en boca es potente y elegante a la vez<\/strong>. Equilibrio perfecto. Habr\u00e1 que correr para no perd\u00e9rselo.<\/p>\n","protected":false},"excerpt":{"rendered":"<p>Variedad 100% Tempranillo. Un extraordinario vino de min\u00fascula producci\u00f3n, solo 600 botellas. Las uvas nacen en\u00a0una peque\u00f1\u00edsima parcela de solo\u2026<\/p>\n","protected":false},"featured_media":8313,"template":"","meta":{"inline_featured_image":false,"_monsterinsights_skip_tracking":false,"_monsterinsights_sitenote_active":false,"_monsterinsights_sitenote_note":"","_monsterinsights_sitenote_category":0},"product_brand":[],"product_cat":[792,77],"product_tag":[],"class_list":{"0":"post-8312","1":"product","2":"type-product","3":"status-publish","4":"has-post-thumbnail","6":"product_cat-novedades","7":"product_cat-vinos-tintos","8":"pa_bodega-medrano-irazu","9":"pa_zona-vinicola-d-o-c-rioja","11":"first","12":"instock","13":"taxable","14":"shipping-taxable","15":"purchasable","16":"product-type-simple"},"_links":{"self":[{"href":"https:\/\/www.mr-vin.com\/en\/wp-json\/wp\/v2\/product\/8312","targetHints":{"allow":["GET"]}}],"collection":[{"href":"https:\/\/www.mr-vin.com\/en\/wp-json\/wp\/v2\/product"}],"about":[{"href":"https:\/\/www.mr-vin.com\/en\/wp-json\/wp\/v2\/types\/product"}],"wp:featuredmedia":[{"embeddable":true,"href":"https:\/\/www.mr-vin.com\/en\/wp-json\/wp\/v2\/media\/8313"}],"wp:attachment":[{"href":"https:\/\/www.mr-vin.com\/en\/wp-json\/wp\/v2\/media?parent=8312"}],"wp:term":[{"taxonomy":"product_brand","embeddable":true,"href":"https:\/\/www.mr-vin.com\/en\/wp-json\/wp\/v2\/product_brand?post=8312"},{"taxonomy":"product_cat","embeddable":true,"href":"https:\/\/www.mr-vin.com\/en\/wp-json\/wp\/v2\/product_cat?post=8312"},{"taxonomy":"product_tag","embeddable":true,"href":"https:\/\/www.mr-vin.com\/en\/wp-json\/wp\/v2\/product_tag?post=8312"}],"curies":[{"name":"wp","href":"https:\/\/api.w.org\/{rel}","templated":true}]}}