{"id":8276,"date":"2023-06-28T18:52:33","date_gmt":"2023-06-28T16:52:33","guid":{"rendered":"https:\/\/www.mr-vin.com\/?post_type=product&#038;p=8276"},"modified":"2025-06-25T17:24:02","modified_gmt":"2025-06-25T15:24:02","slug":"septimo-sentido-verdejo","status":"publish","type":"product","link":"https:\/\/www.mr-vin.com\/en\/product\/septimo-sentido-verdejo\/","title":{"rendered":"S\u00e9ptimo sentido verdejo"},"content":{"rendered":"<p>Un blanco fresco que invita con cada gota a disfrutar hasta la eternidad de los mejores momentos de la vida. Elaborado con <strong>uvas Verdejo 100%<\/strong> para satisfacer los lascivos deseos de los pecadores m\u00e1s frescos y desvergonzados. Conoci\u00e9ndote, te gustar\u00e1.<\/p>\n<p><em><strong>Maridaje:<\/strong> Cerdo, marisco, comida vegetariana, carne adobada.<\/em><\/p>\n","protected":false},"excerpt":{"rendered":"<p>Un blanco fresco que invita con cada gota a disfrutar hasta la eternidad de los mejores momentos de la vida.\u2026<\/p>\n","protected":false},"featured_media":8277,"template":"","meta":{"inline_featured_image":false,"_monsterinsights_skip_tracking":false,"_monsterinsights_sitenote_active":false,"_monsterinsights_sitenote_note":"","_monsterinsights_sitenote_category":0},"product_brand":[],"product_cat":[792,79],"product_tag":[],"class_list":{"0":"post-8276","1":"product","2":"type-product","3":"status-publish","4":"has-post-thumbnail","6":"product_cat-novedades","7":"product_cat-vinos-blancos","8":"pa_bodega-vintae","9":"pa_zona-vinicola-v-t-castilla-y-leon","11":"first","12":"instock","13":"taxable","14":"shipping-taxable","15":"purchasable","16":"product-type-simple"},"_links":{"self":[{"href":"https:\/\/www.mr-vin.com\/en\/wp-json\/wp\/v2\/product\/8276","targetHints":{"allow":["GET"]}}],"collection":[{"href":"https:\/\/www.mr-vin.com\/en\/wp-json\/wp\/v2\/product"}],"about":[{"href":"https:\/\/www.mr-vin.com\/en\/wp-json\/wp\/v2\/types\/product"}],"wp:featuredmedia":[{"embeddable":true,"href":"https:\/\/www.mr-vin.com\/en\/wp-json\/wp\/v2\/media\/8277"}],"wp:attachment":[{"href":"https:\/\/www.mr-vin.com\/en\/wp-json\/wp\/v2\/media?parent=8276"}],"wp:term":[{"taxonomy":"product_brand","embeddable":true,"href":"https:\/\/www.mr-vin.com\/en\/wp-json\/wp\/v2\/product_brand?post=8276"},{"taxonomy":"product_cat","embeddable":true,"href":"https:\/\/www.mr-vin.com\/en\/wp-json\/wp\/v2\/product_cat?post=8276"},{"taxonomy":"product_tag","embeddable":true,"href":"https:\/\/www.mr-vin.com\/en\/wp-json\/wp\/v2\/product_tag?post=8276"}],"curies":[{"name":"wp","href":"https:\/\/api.w.org\/{rel}","templated":true}]}}