{"id":8271,"date":"2023-06-28T11:02:02","date_gmt":"2023-06-28T09:02:02","guid":{"rendered":"https:\/\/www.mr-vin.com\/?post_type=product&#038;p=8271"},"modified":"2024-11-04T09:24:43","modified_gmt":"2024-11-04T07:24:43","slug":"lalama","status":"publish","type":"product","link":"https:\/\/www.mr-vin.com\/en\/product\/lalama\/","title":{"rendered":"Lalama"},"content":{"rendered":"<p><strong>Lalama\u00a0<\/strong>es un vino tinto de la\u00a0<strong>D.O. Ribeira Sacra<\/strong>\u00a0elaborado por la bodega\u00a0<strong>Dominio de Bibei<\/strong>.<br \/>\n<strong>Lalama\u00a0<\/strong>es un coupage en el que predomina la<strong> variedad\u00a0Menc\u00eda<\/strong>\u00a0(90%) acompa\u00f1ada en menor medida de\u00a0<strong>Brancellao<\/strong>,\u00a0<strong>Mourat\u00f3n<\/strong>,\u00a0<strong>Souson\u00a0<\/strong>y\u00a0<strong>Garnacha<\/strong>\u00a0(10%).<\/p>\n<p>Se realiza una maceraci\u00f3n durante 2 d\u00edas, antes de empezar la fermentaci\u00f3n en barricas abiertas de 500 litros de roble franc\u00e9s y en tanques troncotr\u00f3nicos de madera. Se aplican bazuqueos manuales y se descuba manualmente. La posterior fermentaci\u00f3n malol\u00e1ctica se realiza en barricas de 300 litros.<br \/>\n<strong>Lalama\u00a0<\/strong>realiza una completa crianza basada en 13 meses en barricas francesas de varios usos, 7 meses en troncoc\u00f3nicos de roble franc\u00e9s y 16 meses m\u00e1s en botella.<\/p>\n<p><strong>Lalama\u00a0<\/strong>no se filtra, por lo que podr\u00edan encontrarse residuos s\u00f3lidos.<\/p>\n<p><em><strong>Maridaje:<\/strong> Platos especiados, Risottos, Pescado blanco, Carnes rojas, Carnes blancas, Embutidos<\/em><\/p>\n","protected":false},"excerpt":{"rendered":"<p>Lalama\u00a0es un vino tinto de la\u00a0D.O. Ribeira Sacra\u00a0elaborado por la bodega\u00a0Dominio de Bibei. Lalama\u00a0es un coupage en el que predomina\u2026<\/p>\n","protected":false},"featured_media":8273,"template":"","meta":{"inline_featured_image":false,"_monsterinsights_skip_tracking":false,"_monsterinsights_sitenote_active":false,"_monsterinsights_sitenote_note":"","_monsterinsights_sitenote_category":0},"product_brand":[],"product_cat":[792,77],"product_tag":[],"class_list":{"0":"post-8271","1":"product","2":"type-product","3":"status-publish","4":"has-post-thumbnail","6":"product_cat-novedades","7":"product_cat-vinos-tintos","8":"pa_bodega-dominio-do-bibei","9":"pa_zona-vinicola-d-o-ribeira-sacra","11":"first","12":"instock","13":"taxable","14":"shipping-taxable","15":"purchasable","16":"product-type-simple"},"_links":{"self":[{"href":"https:\/\/www.mr-vin.com\/en\/wp-json\/wp\/v2\/product\/8271","targetHints":{"allow":["GET"]}}],"collection":[{"href":"https:\/\/www.mr-vin.com\/en\/wp-json\/wp\/v2\/product"}],"about":[{"href":"https:\/\/www.mr-vin.com\/en\/wp-json\/wp\/v2\/types\/product"}],"wp:featuredmedia":[{"embeddable":true,"href":"https:\/\/www.mr-vin.com\/en\/wp-json\/wp\/v2\/media\/8273"}],"wp:attachment":[{"href":"https:\/\/www.mr-vin.com\/en\/wp-json\/wp\/v2\/media?parent=8271"}],"wp:term":[{"taxonomy":"product_brand","embeddable":true,"href":"https:\/\/www.mr-vin.com\/en\/wp-json\/wp\/v2\/product_brand?post=8271"},{"taxonomy":"product_cat","embeddable":true,"href":"https:\/\/www.mr-vin.com\/en\/wp-json\/wp\/v2\/product_cat?post=8271"},{"taxonomy":"product_tag","embeddable":true,"href":"https:\/\/www.mr-vin.com\/en\/wp-json\/wp\/v2\/product_tag?post=8271"}],"curies":[{"name":"wp","href":"https:\/\/api.w.org\/{rel}","templated":true}]}}