{"id":8252,"date":"2023-06-26T18:15:54","date_gmt":"2023-06-26T16:15:54","guid":{"rendered":"https:\/\/www.mr-vin.com\/?post_type=product&#038;p=8252"},"modified":"2025-09-24T13:30:24","modified_gmt":"2025-09-24T11:30:24","slug":"joan-sarda-chardonnay","status":"publish","type":"product","link":"https:\/\/www.mr-vin.com\/en\/product\/joan-sarda-chardonnay\/","title":{"rendered":"Joan Sarda chardonnay"},"content":{"rendered":"<p>Vino blanco de color amarillo p\u00e1lido con reflejos verdosos. En nariz ofrece una gran intensidad arom\u00e1tica, donde destacan delicadas notas florales sobre un fondo de fruta blanca, matices c\u00edtricos y minerales. En boca es vivo y fresco, presentando una gran estructura y un final persistente.<\/p>\n<p><em> <strong>Maridaje: <\/strong>Un vino que armoniza muy bIen con platos de bacalao, marisco y pescados al horno.<\/em><\/p>\n","protected":false},"excerpt":{"rendered":"<p>Vino blanco de color amarillo p\u00e1lido con reflejos verdosos. En nariz ofrece una gran intensidad arom\u00e1tica, donde destacan delicadas notas\u2026<\/p>\n","protected":false},"featured_media":8255,"template":"","meta":{"inline_featured_image":false,"_monsterinsights_skip_tracking":false,"_monsterinsights_sitenote_active":false,"_monsterinsights_sitenote_note":"","_monsterinsights_sitenote_category":0},"product_brand":[],"product_cat":[792,79,78],"product_tag":[],"class_list":{"0":"post-8252","1":"product","2":"type-product","3":"status-publish","4":"has-post-thumbnail","6":"product_cat-novedades","7":"product_cat-vinos-blancos","8":"product_cat-vinos-ecologicos","9":"pa_bodega-joan-sarda","10":"pa_zona-vinicola-d-o-penedes","12":"first","13":"instock","14":"taxable","15":"shipping-taxable","16":"purchasable","17":"product-type-simple"},"_links":{"self":[{"href":"https:\/\/www.mr-vin.com\/en\/wp-json\/wp\/v2\/product\/8252","targetHints":{"allow":["GET"]}}],"collection":[{"href":"https:\/\/www.mr-vin.com\/en\/wp-json\/wp\/v2\/product"}],"about":[{"href":"https:\/\/www.mr-vin.com\/en\/wp-json\/wp\/v2\/types\/product"}],"wp:featuredmedia":[{"embeddable":true,"href":"https:\/\/www.mr-vin.com\/en\/wp-json\/wp\/v2\/media\/8255"}],"wp:attachment":[{"href":"https:\/\/www.mr-vin.com\/en\/wp-json\/wp\/v2\/media?parent=8252"}],"wp:term":[{"taxonomy":"product_brand","embeddable":true,"href":"https:\/\/www.mr-vin.com\/en\/wp-json\/wp\/v2\/product_brand?post=8252"},{"taxonomy":"product_cat","embeddable":true,"href":"https:\/\/www.mr-vin.com\/en\/wp-json\/wp\/v2\/product_cat?post=8252"},{"taxonomy":"product_tag","embeddable":true,"href":"https:\/\/www.mr-vin.com\/en\/wp-json\/wp\/v2\/product_tag?post=8252"}],"curies":[{"name":"wp","href":"https:\/\/api.w.org\/{rel}","templated":true}]}}