{"id":8248,"date":"2023-06-26T17:38:31","date_gmt":"2023-06-26T15:38:31","guid":{"rendered":"https:\/\/www.mr-vin.com\/?post_type=product&#038;p=8248"},"modified":"2024-05-30T12:57:15","modified_gmt":"2024-05-30T10:57:15","slug":"maragata-godello","status":"publish","type":"product","link":"https:\/\/www.mr-vin.com\/en\/product\/maragata-godello\/","title":{"rendered":"Maragata godello"},"content":{"rendered":"<p><span class=\"NormalTextRun SCXW56684619 BCX0\">La Maragata 2018 es la \u00faltima novedad de la bodega\u00a0<\/span><span class=\"NormalTextRun SpellingErrorV2Themed SCXW56684619 BCX0\">Pittacum<\/span><span class=\"NormalTextRun SCXW56684619 BCX0\">\u00a0y el primer blanco que elaboran en el\u00a0<\/span><span class=\"NormalTextRun SCXW56684619 BCX0\">Bierzo<\/span><span class=\"NormalTextRun SCXW56684619 BCX0\">. El vi\u00f1edo, situado a 720 metros de altitud, ofrece condiciones ideales para potenciar la complejidad y la frescura de la <strong>variedad\u00a0<\/strong><\/span><strong><span class=\"NormalTextRun SpellingErrorV2Themed SCXW56684619 BCX0\">godello<\/span><\/strong><span class=\"NormalTextRun SCXW56684619 BCX0\">, con un clima fr\u00edo y gran amplitud t\u00e9rmica. Un blanco con vocaci\u00f3n de guarda,<strong> fermentado y criado en barricas nuevas de roble franc\u00e9s durante un a\u00f1o<\/strong>, seguido de otros tres a\u00f1os en botella. El nombre del vino hace referencia al Camino de los Maragatos que transcurre por la parcela y es una antigua v\u00eda de comunicaci\u00f3n entre el\u00a0<\/span><span class=\"NormalTextRun SCXW56684619 BCX0\">Bierzo<\/span><span class=\"NormalTextRun SCXW56684619 BCX0\">\u00a0y Galicia. Producci\u00f3n limitada a 3.950 botellas.<\/span><\/p>\n","protected":false},"excerpt":{"rendered":"<p>La Maragata 2018 es la \u00faltima novedad de la bodega\u00a0Pittacum\u00a0y el primer blanco que elaboran en el\u00a0Bierzo. El vi\u00f1edo, situado\u2026<\/p>\n","protected":false},"featured_media":8249,"template":"","meta":{"inline_featured_image":false,"_monsterinsights_skip_tracking":false,"_monsterinsights_sitenote_active":false,"_monsterinsights_sitenote_note":"","_monsterinsights_sitenote_category":0},"product_brand":[],"product_cat":[792,79],"product_tag":[],"class_list":{"0":"post-8248","1":"product","2":"type-product","3":"status-publish","4":"has-post-thumbnail","6":"product_cat-novedades","7":"product_cat-vinos-blancos","8":"pa_bodega-pittacum","9":"pa_zona-vinicola-d-o-bierzo","11":"first","12":"instock","13":"taxable","14":"shipping-taxable","15":"purchasable","16":"product-type-simple"},"_links":{"self":[{"href":"https:\/\/www.mr-vin.com\/en\/wp-json\/wp\/v2\/product\/8248","targetHints":{"allow":["GET"]}}],"collection":[{"href":"https:\/\/www.mr-vin.com\/en\/wp-json\/wp\/v2\/product"}],"about":[{"href":"https:\/\/www.mr-vin.com\/en\/wp-json\/wp\/v2\/types\/product"}],"wp:featuredmedia":[{"embeddable":true,"href":"https:\/\/www.mr-vin.com\/en\/wp-json\/wp\/v2\/media\/8249"}],"wp:attachment":[{"href":"https:\/\/www.mr-vin.com\/en\/wp-json\/wp\/v2\/media?parent=8248"}],"wp:term":[{"taxonomy":"product_brand","embeddable":true,"href":"https:\/\/www.mr-vin.com\/en\/wp-json\/wp\/v2\/product_brand?post=8248"},{"taxonomy":"product_cat","embeddable":true,"href":"https:\/\/www.mr-vin.com\/en\/wp-json\/wp\/v2\/product_cat?post=8248"},{"taxonomy":"product_tag","embeddable":true,"href":"https:\/\/www.mr-vin.com\/en\/wp-json\/wp\/v2\/product_tag?post=8248"}],"curies":[{"name":"wp","href":"https:\/\/api.w.org\/{rel}","templated":true}]}}