{"id":8206,"date":"2023-06-22T13:23:06","date_gmt":"2023-06-22T11:23:06","guid":{"rendered":"https:\/\/www.mr-vin.com\/?post_type=product&#038;p=8206"},"modified":"2025-01-30T22:37:13","modified_gmt":"2025-01-30T20:37:13","slug":"dehesa-la-granja","status":"publish","type":"product","link":"https:\/\/www.mr-vin.com\/en\/product\/dehesa-la-granja\/","title":{"rendered":"Dehesa La Granja"},"content":{"rendered":"<p><strong>Variedad:<\/strong> 100% tempranillo.<\/p>\n<p>La finca\u00a0<strong>Dehesa La Granja<\/strong>\u00a0que le da nombre y procedencia es una propiedad espectacular de 800 hect\u00e1reas dedicada a diferentes cultivos y a la ganader\u00eda. Estamos ante una nueva a\u00f1ada del vino sobre el que se cimenta el proyecto en tierras zamoranas de la\u00a0<strong>Familia Fern\u00e1ndez Rivera<\/strong>. Un tinto con<strong>\u00a0gran carga de fruta madura<\/strong>\u00a0que permaneci\u00f3<strong>\u00a024 meses envejeciendo<\/strong>\u00a0<strong>en\u00a0roble americano<\/strong>\u00a0en la cuevas del siglo XVIII, excavadas en piedra, que la firma posee bajo sus modernas naves de elaboraci\u00f3n.<\/p>\n<p><em><strong>Maridaje:<\/strong> Especialmente ideal para acompa\u00f1ar carnes rojas, como un solomillo de a\u00f1ojo con mostaza al vino tinto, y platos de caza de pluma, como pich\u00f3n estofado con hongos y trufas o magret de pato con salsa de ar\u00e1ndanos.<\/em><\/p>\n","protected":false},"excerpt":{"rendered":"<p>Variedad: 100% tempranillo. La finca\u00a0Dehesa La Granja\u00a0que le da nombre y procedencia es una propiedad espectacular de 800 hect\u00e1reas dedicada\u2026<\/p>\n","protected":false},"featured_media":8207,"template":"","meta":{"inline_featured_image":false,"_monsterinsights_skip_tracking":false,"_monsterinsights_sitenote_active":false,"_monsterinsights_sitenote_note":"","_monsterinsights_sitenote_category":0},"product_brand":[],"product_cat":[792,77],"product_tag":[],"class_list":{"0":"post-8206","1":"product","2":"type-product","3":"status-publish","4":"has-post-thumbnail","6":"product_cat-novedades","7":"product_cat-vinos-tintos","8":"pa_bodega-dehesa-la-granja","9":"pa_zona-vinicola-v-t-castilla-y-leon","11":"first","12":"instock","13":"taxable","14":"shipping-taxable","15":"purchasable","16":"product-type-simple"},"_links":{"self":[{"href":"https:\/\/www.mr-vin.com\/en\/wp-json\/wp\/v2\/product\/8206","targetHints":{"allow":["GET"]}}],"collection":[{"href":"https:\/\/www.mr-vin.com\/en\/wp-json\/wp\/v2\/product"}],"about":[{"href":"https:\/\/www.mr-vin.com\/en\/wp-json\/wp\/v2\/types\/product"}],"wp:featuredmedia":[{"embeddable":true,"href":"https:\/\/www.mr-vin.com\/en\/wp-json\/wp\/v2\/media\/8207"}],"wp:attachment":[{"href":"https:\/\/www.mr-vin.com\/en\/wp-json\/wp\/v2\/media?parent=8206"}],"wp:term":[{"taxonomy":"product_brand","embeddable":true,"href":"https:\/\/www.mr-vin.com\/en\/wp-json\/wp\/v2\/product_brand?post=8206"},{"taxonomy":"product_cat","embeddable":true,"href":"https:\/\/www.mr-vin.com\/en\/wp-json\/wp\/v2\/product_cat?post=8206"},{"taxonomy":"product_tag","embeddable":true,"href":"https:\/\/www.mr-vin.com\/en\/wp-json\/wp\/v2\/product_tag?post=8206"}],"curies":[{"name":"wp","href":"https:\/\/api.w.org\/{rel}","templated":true}]}}