{"id":8197,"date":"2023-06-21T18:57:01","date_gmt":"2023-06-21T16:57:01","guid":{"rendered":"https:\/\/www.mr-vin.com\/?post_type=product&#038;p=8197"},"modified":"2025-01-04T10:47:01","modified_gmt":"2025-01-04T08:47:01","slug":"20-aldeas-ecologico","status":"publish","type":"product","link":"https:\/\/www.mr-vin.com\/en\/product\/20-aldeas-ecologico\/","title":{"rendered":"20 aldeas ecol\u00f3gico"},"content":{"rendered":"<p>Un vino premium y\u00a0<strong>ecol\u00f3gico<\/strong>\u00a0con el que la familia\u00a0<strong>Fern\u00e1ndez Rivera<\/strong>\u00a0rejuvenece los atributos de la compa\u00f1\u00eda y apuesta con elegancia por las nuevas demandas del mercado.<\/p>\n<p>Recoge la personalidad y la fuerza de esta tierra y la sabidur\u00eda y experiencia de la bodega. Un vino amplio, con taninos redondos y un largo final, con cuerpo y con car\u00e1cter, con gui\u00f1os de modernidad, pero conservando la exquisitez de la fruta madura y la elegancia y la profundidad de una equilibrada madera.<\/p>\n<p>&nbsp;<\/p>\n<p><em><strong>Maridaje:<\/strong> Carnes a la brasa, Cochinillo asado, Cordero asado, Quesos semicurados&#8230;<\/em><\/p>\n","protected":false},"excerpt":{"rendered":"<p>Un vino premium y\u00a0ecol\u00f3gico\u00a0con el que la familia\u00a0Fern\u00e1ndez Rivera\u00a0rejuvenece los atributos de la compa\u00f1\u00eda y apuesta con elegancia por las\u2026<\/p>\n","protected":false},"featured_media":8198,"template":"","meta":{"inline_featured_image":false,"_monsterinsights_skip_tracking":false,"_monsterinsights_sitenote_active":false,"_monsterinsights_sitenote_note":"","_monsterinsights_sitenote_category":0},"product_brand":[],"product_cat":[792,78,77],"product_tag":[],"class_list":{"0":"post-8197","1":"product","2":"type-product","3":"status-publish","4":"has-post-thumbnail","6":"product_cat-novedades","7":"product_cat-vinos-ecologicos","8":"product_cat-vinos-tintos","9":"pa_bodega-condado-de-haza","10":"pa_zona-vinicola-v-t-castilla-y-leon","12":"first","13":"instock","14":"taxable","15":"shipping-taxable","16":"purchasable","17":"product-type-simple"},"_links":{"self":[{"href":"https:\/\/www.mr-vin.com\/en\/wp-json\/wp\/v2\/product\/8197","targetHints":{"allow":["GET"]}}],"collection":[{"href":"https:\/\/www.mr-vin.com\/en\/wp-json\/wp\/v2\/product"}],"about":[{"href":"https:\/\/www.mr-vin.com\/en\/wp-json\/wp\/v2\/types\/product"}],"wp:featuredmedia":[{"embeddable":true,"href":"https:\/\/www.mr-vin.com\/en\/wp-json\/wp\/v2\/media\/8198"}],"wp:attachment":[{"href":"https:\/\/www.mr-vin.com\/en\/wp-json\/wp\/v2\/media?parent=8197"}],"wp:term":[{"taxonomy":"product_brand","embeddable":true,"href":"https:\/\/www.mr-vin.com\/en\/wp-json\/wp\/v2\/product_brand?post=8197"},{"taxonomy":"product_cat","embeddable":true,"href":"https:\/\/www.mr-vin.com\/en\/wp-json\/wp\/v2\/product_cat?post=8197"},{"taxonomy":"product_tag","embeddable":true,"href":"https:\/\/www.mr-vin.com\/en\/wp-json\/wp\/v2\/product_tag?post=8197"}],"curies":[{"name":"wp","href":"https:\/\/api.w.org\/{rel}","templated":true}]}}