{"id":8191,"date":"2023-06-21T09:16:04","date_gmt":"2023-06-21T07:16:04","guid":{"rendered":"https:\/\/www.mr-vin.com\/?post_type=product&#038;p=8191"},"modified":"2024-06-02T19:46:13","modified_gmt":"2024-06-02T17:46:13","slug":"condado-de-haza-reserva","status":"publish","type":"product","link":"https:\/\/www.mr-vin.com\/en\/product\/condado-de-haza-reserva\/","title":{"rendered":"Condado de haza reserva"},"content":{"rendered":"<p><strong>Variedad<\/strong> 100% tempranillo.<\/p>\n<p>Los\u00a0<strong>vi\u00f1edos<\/strong>\u00a0con los que se elabora este tinto se encuentran\u00a0<strong>entre La Horra y Roa,<\/strong>\u00a0dos localidades de la &#8216;milla de oro&#8217;\u00a0ribere\u00f1a muy, muy populares. La familiar Fern\u00e1ndez Rivera est\u00e1 detr\u00e1s de este\u00a0<strong>Reserva\u00a0<\/strong>que combina a la perfecci\u00f3n las notas primarias\u00a0<strong>(frutos negros maduros)<\/strong>\u00a0y\u00a0terciarias\u00a0<strong>(regaliz).<\/strong>\u00a0En boca es puro\u00a0<strong>equilibrio.<\/strong>\u00a0Un imprescindible de la regi\u00f3n con una<strong>\u00a0relaci\u00f3n calidad-precio incre\u00edble.<\/strong><\/p>\n<p><em><strong>Maridaje:<\/strong> Lechazo asado, chuletillas de cordero, rabo de toro guisado o queso semicurado.<\/em><\/p>\n","protected":false},"excerpt":{"rendered":"<p>Variedad 100% tempranillo. Los\u00a0vi\u00f1edos\u00a0con los que se elabora este tinto se encuentran\u00a0entre La Horra y Roa,\u00a0dos localidades de la &#8216;milla\u2026<\/p>\n","protected":false},"featured_media":8192,"template":"","meta":{"inline_featured_image":false,"_monsterinsights_skip_tracking":false,"_monsterinsights_sitenote_active":false,"_monsterinsights_sitenote_note":"","_monsterinsights_sitenote_category":0},"product_brand":[],"product_cat":[792,77],"product_tag":[],"class_list":{"0":"post-8191","1":"product","2":"type-product","3":"status-publish","4":"has-post-thumbnail","6":"product_cat-novedades","7":"product_cat-vinos-tintos","8":"pa_bodega-condado-de-haza","9":"pa_zona-vinicola-d-o-ribera-del-duero","11":"first","12":"instock","13":"taxable","14":"shipping-taxable","15":"purchasable","16":"product-type-simple"},"_links":{"self":[{"href":"https:\/\/www.mr-vin.com\/en\/wp-json\/wp\/v2\/product\/8191","targetHints":{"allow":["GET"]}}],"collection":[{"href":"https:\/\/www.mr-vin.com\/en\/wp-json\/wp\/v2\/product"}],"about":[{"href":"https:\/\/www.mr-vin.com\/en\/wp-json\/wp\/v2\/types\/product"}],"wp:featuredmedia":[{"embeddable":true,"href":"https:\/\/www.mr-vin.com\/en\/wp-json\/wp\/v2\/media\/8192"}],"wp:attachment":[{"href":"https:\/\/www.mr-vin.com\/en\/wp-json\/wp\/v2\/media?parent=8191"}],"wp:term":[{"taxonomy":"product_brand","embeddable":true,"href":"https:\/\/www.mr-vin.com\/en\/wp-json\/wp\/v2\/product_brand?post=8191"},{"taxonomy":"product_cat","embeddable":true,"href":"https:\/\/www.mr-vin.com\/en\/wp-json\/wp\/v2\/product_cat?post=8191"},{"taxonomy":"product_tag","embeddable":true,"href":"https:\/\/www.mr-vin.com\/en\/wp-json\/wp\/v2\/product_tag?post=8191"}],"curies":[{"name":"wp","href":"https:\/\/api.w.org\/{rel}","templated":true}]}}