{"id":8188,"date":"2023-06-20T12:52:39","date_gmt":"2023-06-20T10:52:39","guid":{"rendered":"https:\/\/www.mr-vin.com\/?post_type=product&#038;p=8188"},"modified":"2024-05-30T12:57:15","modified_gmt":"2024-05-30T10:57:15","slug":"dominio-de-calogia-cuvee-s","status":"publish","type":"product","link":"https:\/\/www.mr-vin.com\/en\/product\/dominio-de-calogia-cuvee-s\/","title":{"rendered":"Dominio de Calog\u00eda Cuv\u00e9e S"},"content":{"rendered":"<p><strong>Jos\u00e9 Manuel P\u00e9rez Ovejas<\/strong>, de larga tradici\u00f3n viticultora de la Bodega Hermanos P\u00e9rez Pascuas y consultor de important\u00edsimos grupos bodegueros, inicia su proyecto personal:\u00a0<strong>Dominio de Calog\u00eda<\/strong>.\u00a0<strong>Dominio de Calog\u00eda Cuv\u00e9e S\u00a0<\/strong>es una apuesta de la bodega por los vinos de la m\u00e1s alta gama.<\/p>\n<p>Elaborado con tinto fino 100% de los vi\u00f1edos m\u00e1s viejos de la bodega y con una crianza de 26 meses en barricas de roble franc\u00e9s.<\/p>\n<p>Solo se han producido 2.500 botellas.<\/p>\n","protected":false},"excerpt":{"rendered":"<p>Jos\u00e9 Manuel P\u00e9rez Ovejas, de larga tradici\u00f3n viticultora de la Bodega Hermanos P\u00e9rez Pascuas y consultor de important\u00edsimos grupos bodegueros,\u2026<\/p>\n","protected":false},"featured_media":8189,"template":"","meta":{"inline_featured_image":false,"_monsterinsights_skip_tracking":false,"_monsterinsights_sitenote_active":false,"_monsterinsights_sitenote_note":"","_monsterinsights_sitenote_category":0},"product_brand":[],"product_cat":[792,77],"product_tag":[],"class_list":{"0":"post-8188","1":"product","2":"type-product","3":"status-publish","4":"has-post-thumbnail","6":"product_cat-novedades","7":"product_cat-vinos-tintos","8":"pa_bodega-dominio-de-calogia","9":"pa_zona-vinicola-d-o-ribera-del-duero","11":"first","12":"instock","13":"taxable","14":"shipping-taxable","15":"purchasable","16":"product-type-simple"},"_links":{"self":[{"href":"https:\/\/www.mr-vin.com\/en\/wp-json\/wp\/v2\/product\/8188","targetHints":{"allow":["GET"]}}],"collection":[{"href":"https:\/\/www.mr-vin.com\/en\/wp-json\/wp\/v2\/product"}],"about":[{"href":"https:\/\/www.mr-vin.com\/en\/wp-json\/wp\/v2\/types\/product"}],"wp:featuredmedia":[{"embeddable":true,"href":"https:\/\/www.mr-vin.com\/en\/wp-json\/wp\/v2\/media\/8189"}],"wp:attachment":[{"href":"https:\/\/www.mr-vin.com\/en\/wp-json\/wp\/v2\/media?parent=8188"}],"wp:term":[{"taxonomy":"product_brand","embeddable":true,"href":"https:\/\/www.mr-vin.com\/en\/wp-json\/wp\/v2\/product_brand?post=8188"},{"taxonomy":"product_cat","embeddable":true,"href":"https:\/\/www.mr-vin.com\/en\/wp-json\/wp\/v2\/product_cat?post=8188"},{"taxonomy":"product_tag","embeddable":true,"href":"https:\/\/www.mr-vin.com\/en\/wp-json\/wp\/v2\/product_tag?post=8188"}],"curies":[{"name":"wp","href":"https:\/\/api.w.org\/{rel}","templated":true}]}}