{"id":8182,"date":"2023-06-19T18:23:38","date_gmt":"2023-06-19T16:23:38","guid":{"rendered":"https:\/\/www.mr-vin.com\/?post_type=product&#038;p=8182"},"modified":"2024-05-30T12:57:15","modified_gmt":"2024-05-30T10:57:15","slug":"jardin-de-las-iguales-macabeo","status":"publish","type":"product","link":"https:\/\/www.mr-vin.com\/en\/product\/jardin-de-las-iguales-macabeo\/","title":{"rendered":"Jard\u00edn de las Iguales Macabeo"},"content":{"rendered":"<p>&#8220;Al final las personas estamos de paso y lo que realmente se queda es la tierra&#8221; esta hermosa y sentida afirmaci\u00f3n captura el alma de este blanco: un\u00a0<strong>monovarietal de Macabeo\u00a0<\/strong>que est\u00e1 destinado a hacer historia. El<em>\u00a0<\/em><strong><em>M\u00e1ster of Wine\u00a0<\/em><\/strong><strong>Fermando Mora\u00a0<\/strong>rinde un emocionante homenaje a\u00a0<strong>El Jard\u00edn de las Iguales,\u00a0<\/strong>un vi\u00f1edo, de tan s\u00f3lo 1.8 hect\u00e1reas, en una situaci\u00f3n privilegiada de muy dif\u00edcil acceso. Esta joya blanca ha alcanzado los\u00a0<strong>95 puntos Parker<\/strong>\u00a0gracias a su<strong>\u00a0perfil cautivador, elegante e inimitable.<\/strong> Si eres un devoto de los grandes blancos, El Jard\u00edn de las Iguales brillar\u00e1 en tu bodega.<\/p>\n<p><em><strong>Maridaje:<\/strong> Lenguado a la &#8216;meuni\u00e8re&#8217;, risotto de setas o marisco y tablas de quesos.<\/em><\/p>\n","protected":false},"excerpt":{"rendered":"<p>&#8220;Al final las personas estamos de paso y lo que realmente se queda es la tierra&#8221; esta hermosa y sentida\u2026<\/p>\n","protected":false},"featured_media":8185,"template":"","meta":{"inline_featured_image":false,"_monsterinsights_skip_tracking":false,"_monsterinsights_sitenote_active":false,"_monsterinsights_sitenote_note":"","_monsterinsights_sitenote_category":0},"product_brand":[],"product_cat":[792,79],"product_tag":[],"class_list":{"0":"post-8182","1":"product","2":"type-product","3":"status-publish","4":"has-post-thumbnail","6":"product_cat-novedades","7":"product_cat-vinos-blancos","8":"pa_bodega-frontonio","9":"pa_zona-vinicola-v-t-valdejalon","11":"first","12":"instock","13":"taxable","14":"shipping-taxable","15":"purchasable","16":"product-type-simple"},"_links":{"self":[{"href":"https:\/\/www.mr-vin.com\/en\/wp-json\/wp\/v2\/product\/8182","targetHints":{"allow":["GET"]}}],"collection":[{"href":"https:\/\/www.mr-vin.com\/en\/wp-json\/wp\/v2\/product"}],"about":[{"href":"https:\/\/www.mr-vin.com\/en\/wp-json\/wp\/v2\/types\/product"}],"wp:featuredmedia":[{"embeddable":true,"href":"https:\/\/www.mr-vin.com\/en\/wp-json\/wp\/v2\/media\/8185"}],"wp:attachment":[{"href":"https:\/\/www.mr-vin.com\/en\/wp-json\/wp\/v2\/media?parent=8182"}],"wp:term":[{"taxonomy":"product_brand","embeddable":true,"href":"https:\/\/www.mr-vin.com\/en\/wp-json\/wp\/v2\/product_brand?post=8182"},{"taxonomy":"product_cat","embeddable":true,"href":"https:\/\/www.mr-vin.com\/en\/wp-json\/wp\/v2\/product_cat?post=8182"},{"taxonomy":"product_tag","embeddable":true,"href":"https:\/\/www.mr-vin.com\/en\/wp-json\/wp\/v2\/product_tag?post=8182"}],"curies":[{"name":"wp","href":"https:\/\/api.w.org\/{rel}","templated":true}]}}