{"id":8179,"date":"2023-06-19T17:32:58","date_gmt":"2023-06-19T15:32:58","guid":{"rendered":"https:\/\/www.mr-vin.com\/?post_type=product&#038;p=8179"},"modified":"2024-05-30T12:57:14","modified_gmt":"2024-05-30T10:57:14","slug":"las-alas-de-frontonio-la-tejera","status":"publish","type":"product","link":"https:\/\/www.mr-vin.com\/en\/product\/las-alas-de-frontonio-la-tejera\/","title":{"rendered":"Las Alas de Frontonio la Tejera"},"content":{"rendered":"<p><strong>Variedad<\/strong> garnacha y macabeo.<\/p>\n<p>Este maravilloso Frontonio procede de\u00a0<strong>vi\u00f1edos tradicionales<\/strong>, cultivados en vaso y de secano,<strong>\u00a0de forma sostenible<\/strong>, cuyas uvas son criadas en\u00a0<strong>antiguas cuevas<\/strong>. San Frontonio, m\u00e1rtir decapitado cuya cabeza fue encontrada r\u00edo arriba, simboliza el esp\u00edritu de la bodega de\u00a0<strong>ir a contracorriente<\/strong>\u00a0para presentar tintos nuevos como este.<\/p>\n<p>En\u00f3logo: Fernando Mora<\/p>\n","protected":false},"excerpt":{"rendered":"<p>Variedad garnacha y macabeo. Este maravilloso Frontonio procede de\u00a0vi\u00f1edos tradicionales, cultivados en vaso y de secano,\u00a0de forma sostenible, cuyas uvas\u2026<\/p>\n","protected":false},"featured_media":8180,"template":"","meta":{"inline_featured_image":false,"_monsterinsights_skip_tracking":false,"_monsterinsights_sitenote_active":false,"_monsterinsights_sitenote_note":"","_monsterinsights_sitenote_category":0},"product_brand":[],"product_cat":[792,77],"product_tag":[],"class_list":{"0":"post-8179","1":"product","2":"type-product","3":"status-publish","4":"has-post-thumbnail","6":"product_cat-novedades","7":"product_cat-vinos-tintos","8":"pa_bodega-frontonio","9":"pa_zona-vinicola-v-t-valdejalon","11":"first","12":"instock","13":"taxable","14":"shipping-taxable","15":"purchasable","16":"product-type-simple"},"_links":{"self":[{"href":"https:\/\/www.mr-vin.com\/en\/wp-json\/wp\/v2\/product\/8179","targetHints":{"allow":["GET"]}}],"collection":[{"href":"https:\/\/www.mr-vin.com\/en\/wp-json\/wp\/v2\/product"}],"about":[{"href":"https:\/\/www.mr-vin.com\/en\/wp-json\/wp\/v2\/types\/product"}],"wp:featuredmedia":[{"embeddable":true,"href":"https:\/\/www.mr-vin.com\/en\/wp-json\/wp\/v2\/media\/8180"}],"wp:attachment":[{"href":"https:\/\/www.mr-vin.com\/en\/wp-json\/wp\/v2\/media?parent=8179"}],"wp:term":[{"taxonomy":"product_brand","embeddable":true,"href":"https:\/\/www.mr-vin.com\/en\/wp-json\/wp\/v2\/product_brand?post=8179"},{"taxonomy":"product_cat","embeddable":true,"href":"https:\/\/www.mr-vin.com\/en\/wp-json\/wp\/v2\/product_cat?post=8179"},{"taxonomy":"product_tag","embeddable":true,"href":"https:\/\/www.mr-vin.com\/en\/wp-json\/wp\/v2\/product_tag?post=8179"}],"curies":[{"name":"wp","href":"https:\/\/api.w.org\/{rel}","templated":true}]}}