{"id":8070,"date":"2023-06-02T10:42:40","date_gmt":"2023-06-02T08:42:40","guid":{"rendered":"https:\/\/www.mr-vin.com\/?post_type=product&#038;p=8070"},"modified":"2025-01-27T12:28:57","modified_gmt":"2025-01-27T10:28:57","slug":"pack-3-botellas-castillo-de-ygay-2011","status":"publish","type":"product","link":"https:\/\/www.mr-vin.com\/en\/product\/pack-3-botellas-castillo-de-ygay-2011\/","title":{"rendered":"&#8220;PACK 3 BOTELLAS CASTILLO DE YGAY 2011&#8221;"},"content":{"rendered":"<p><strong>Variedad<\/strong> de uva: 84% tempranillo y 16% mazuelo.<\/p>\n<p>Castillo Ygay es\u00a0<strong>una de las etiquetas centenarias de Rioja<\/strong>. Se dise\u00f1a siguiendo la serigraf\u00eda de los primeros vinos de la regi\u00f3n. De hecho, fue uno de los primeros vinos que nacieron en Rioja cuando los elaboradores franceses, afectados por la filoxera, llegaron a esta zona para abastecerse. Un\u00a0vino de obligado conocimiento para saber lo que es\u00a0<strong>un Rioja de corte cl\u00e1sico adaptado a los tiempos<\/strong>. En su anterior a\u00f1ada fue\u00a0<strong>elegido como mejor vino del mundo de 2020 por\u00a0<em>Wine Spectator.<\/em><\/strong><\/p>\n<p>Crianza de 28 meses en barricas de roble americano (Tempranillo) y franc\u00e9s (Mazuelo) de 225 litros. El vino pasa 13 meses en dep\u00f3sito de hormig\u00f3n tras el ensamblaje.<\/p>\n","protected":false},"excerpt":{"rendered":"<p>Variedad de uva: 84% tempranillo y 16% mazuelo. Castillo Ygay es\u00a0una de las etiquetas centenarias de Rioja. Se dise\u00f1a siguiendo\u2026<\/p>\n","protected":false},"featured_media":8071,"template":"","meta":{"inline_featured_image":false,"_monsterinsights_skip_tracking":false,"_monsterinsights_sitenote_active":false,"_monsterinsights_sitenote_note":"","_monsterinsights_sitenote_category":0},"product_brand":[],"product_cat":[792,689,77],"product_tag":[],"class_list":{"0":"post-8070","1":"product","2":"type-product","3":"status-publish","4":"has-post-thumbnail","6":"product_cat-novedades","7":"product_cat-para-regalo","8":"product_cat-vinos-tintos","9":"pa_bodega-marques-de-murrieta","10":"pa_zona-vinicola-d-o-c-rioja","12":"first","13":"instock","14":"taxable","15":"shipping-taxable","16":"purchasable","17":"product-type-simple"},"_links":{"self":[{"href":"https:\/\/www.mr-vin.com\/en\/wp-json\/wp\/v2\/product\/8070","targetHints":{"allow":["GET"]}}],"collection":[{"href":"https:\/\/www.mr-vin.com\/en\/wp-json\/wp\/v2\/product"}],"about":[{"href":"https:\/\/www.mr-vin.com\/en\/wp-json\/wp\/v2\/types\/product"}],"wp:featuredmedia":[{"embeddable":true,"href":"https:\/\/www.mr-vin.com\/en\/wp-json\/wp\/v2\/media\/8071"}],"wp:attachment":[{"href":"https:\/\/www.mr-vin.com\/en\/wp-json\/wp\/v2\/media?parent=8070"}],"wp:term":[{"taxonomy":"product_brand","embeddable":true,"href":"https:\/\/www.mr-vin.com\/en\/wp-json\/wp\/v2\/product_brand?post=8070"},{"taxonomy":"product_cat","embeddable":true,"href":"https:\/\/www.mr-vin.com\/en\/wp-json\/wp\/v2\/product_cat?post=8070"},{"taxonomy":"product_tag","embeddable":true,"href":"https:\/\/www.mr-vin.com\/en\/wp-json\/wp\/v2\/product_tag?post=8070"}],"curies":[{"name":"wp","href":"https:\/\/api.w.org\/{rel}","templated":true}]}}