{"id":8024,"date":"2023-05-24T12:41:33","date_gmt":"2023-05-24T10:41:33","guid":{"rendered":"https:\/\/www.mr-vin.com\/?post_type=product&#038;p=8024"},"modified":"2024-05-30T12:57:14","modified_gmt":"2024-05-30T10:57:14","slug":"milmanda-torres-2014","status":"publish","type":"product","link":"https:\/\/www.mr-vin.com\/en\/product\/milmanda-torres-2014\/","title":{"rendered":"Milmanda Torres 2014"},"content":{"rendered":"<p>Un extraordinario\u00a0<strong>vino blanco con crianza<\/strong>\u00a0que seduce desde el momento del descorche. Su nombre procede de una ruta de castillos medievales en los ya se cultivaba la vid en la Edad Media. La familia\u00a0<strong>Torres\u00a0<\/strong>emplea todo su buen hacer en este <strong>monovarietal de\u00a0Chardonnay<\/strong>,<strong>\u00a0<\/strong>que es una de las referencias hist\u00f3ricas del panorama vin\u00edcola espa\u00f1ol.<\/p>\n<p>Fermentado y criado en barrica de roble franc\u00e9s.<\/p>\n<p><em><strong>Maridaje:<\/strong> Ideal para acompa\u00f1ar con pescado al horno, caviar y elaboraciones con salsas de leche y mantequilla.<\/em><\/p>\n","protected":false},"excerpt":{"rendered":"<p>Un extraordinario\u00a0vino blanco con crianza\u00a0que seduce desde el momento del descorche. Su nombre procede de una ruta de castillos medievales\u2026<\/p>\n","protected":false},"featured_media":8025,"template":"","meta":{"inline_featured_image":false,"_monsterinsights_skip_tracking":false,"_monsterinsights_sitenote_active":false,"_monsterinsights_sitenote_note":"","_monsterinsights_sitenote_category":0},"product_brand":[],"product_cat":[792,79],"product_tag":[],"class_list":{"0":"post-8024","1":"product","2":"type-product","3":"status-publish","4":"has-post-thumbnail","6":"product_cat-novedades","7":"product_cat-vinos-blancos","8":"pa_bodega-familia-torres","9":"pa_zona-vinicola-d-o-conca-de-barbera","11":"first","12":"instock","13":"taxable","14":"shipping-taxable","15":"purchasable","16":"product-type-simple"},"_links":{"self":[{"href":"https:\/\/www.mr-vin.com\/en\/wp-json\/wp\/v2\/product\/8024","targetHints":{"allow":["GET"]}}],"collection":[{"href":"https:\/\/www.mr-vin.com\/en\/wp-json\/wp\/v2\/product"}],"about":[{"href":"https:\/\/www.mr-vin.com\/en\/wp-json\/wp\/v2\/types\/product"}],"wp:featuredmedia":[{"embeddable":true,"href":"https:\/\/www.mr-vin.com\/en\/wp-json\/wp\/v2\/media\/8025"}],"wp:attachment":[{"href":"https:\/\/www.mr-vin.com\/en\/wp-json\/wp\/v2\/media?parent=8024"}],"wp:term":[{"taxonomy":"product_brand","embeddable":true,"href":"https:\/\/www.mr-vin.com\/en\/wp-json\/wp\/v2\/product_brand?post=8024"},{"taxonomy":"product_cat","embeddable":true,"href":"https:\/\/www.mr-vin.com\/en\/wp-json\/wp\/v2\/product_cat?post=8024"},{"taxonomy":"product_tag","embeddable":true,"href":"https:\/\/www.mr-vin.com\/en\/wp-json\/wp\/v2\/product_tag?post=8024"}],"curies":[{"name":"wp","href":"https:\/\/api.w.org\/{rel}","templated":true}]}}