{"id":8020,"date":"2023-05-24T11:11:02","date_gmt":"2023-05-24T09:11:02","guid":{"rendered":"https:\/\/www.mr-vin.com\/?post_type=product&#038;p=8020"},"modified":"2024-05-30T12:57:13","modified_gmt":"2024-05-30T10:57:13","slug":"jose-pariente-finca-las-comas","status":"publish","type":"product","link":"https:\/\/www.mr-vin.com\/en\/product\/jose-pariente-finca-las-comas\/","title":{"rendered":"Jose Pariente finca las comas"},"content":{"rendered":"<p>100% verdejo ecol\u00f3gico.<\/p>\n<p>Este vino procede del vi\u00f1edo que le da nombre, Las Comas, plantado en vaso en 1910 sobre suelo calizo y pedregoso. Interpretaci\u00f3n \u00fanica y muy personal de la uva Verdejo de Rueda elaborado en fudre de roble. Finca Las Comas es un vino intenso, graso y untuoso, con notas de hierbas arom\u00e1ticas, hinojo, flores blancas y ciertos recuerdos tostados.<\/p>\n","protected":false},"excerpt":{"rendered":"<p>100% verdejo ecol\u00f3gico. Este vino procede del vi\u00f1edo que le da nombre, Las Comas, plantado en vaso en 1910 sobre\u2026<\/p>\n","protected":false},"featured_media":8021,"template":"","meta":{"inline_featured_image":false,"_monsterinsights_skip_tracking":false,"_monsterinsights_sitenote_active":false,"_monsterinsights_sitenote_note":"","_monsterinsights_sitenote_category":0},"product_brand":[],"product_cat":[792,79],"product_tag":[],"class_list":{"0":"post-8020","1":"product","2":"type-product","3":"status-publish","4":"has-post-thumbnail","6":"product_cat-novedades","7":"product_cat-vinos-blancos","8":"pa_bodega-jose-pariente","9":"pa_zona-vinicola-d-o-rueda","11":"first","12":"instock","13":"taxable","14":"shipping-taxable","15":"purchasable","16":"product-type-simple"},"_links":{"self":[{"href":"https:\/\/www.mr-vin.com\/en\/wp-json\/wp\/v2\/product\/8020","targetHints":{"allow":["GET"]}}],"collection":[{"href":"https:\/\/www.mr-vin.com\/en\/wp-json\/wp\/v2\/product"}],"about":[{"href":"https:\/\/www.mr-vin.com\/en\/wp-json\/wp\/v2\/types\/product"}],"wp:featuredmedia":[{"embeddable":true,"href":"https:\/\/www.mr-vin.com\/en\/wp-json\/wp\/v2\/media\/8021"}],"wp:attachment":[{"href":"https:\/\/www.mr-vin.com\/en\/wp-json\/wp\/v2\/media?parent=8020"}],"wp:term":[{"taxonomy":"product_brand","embeddable":true,"href":"https:\/\/www.mr-vin.com\/en\/wp-json\/wp\/v2\/product_brand?post=8020"},{"taxonomy":"product_cat","embeddable":true,"href":"https:\/\/www.mr-vin.com\/en\/wp-json\/wp\/v2\/product_cat?post=8020"},{"taxonomy":"product_tag","embeddable":true,"href":"https:\/\/www.mr-vin.com\/en\/wp-json\/wp\/v2\/product_tag?post=8020"}],"curies":[{"name":"wp","href":"https:\/\/api.w.org\/{rel}","templated":true}]}}