{"id":8005,"date":"2023-05-18T18:30:26","date_gmt":"2023-05-18T16:30:26","guid":{"rendered":"https:\/\/www.mr-vin.com\/?post_type=product&#038;p=8005"},"modified":"2025-03-28T12:27:00","modified_gmt":"2025-03-28T10:27:00","slug":"pazo-cilleiro-albarino","status":"publish","type":"product","link":"https:\/\/www.mr-vin.com\/en\/product\/pazo-cilleiro-albarino\/","title":{"rendered":"Pazo Cilleiro albari\u00f1o"},"content":{"rendered":"<div class=\"field\">\n<div class=\"field-items\">\n<div>100% Albari\u00f1o<\/div>\n<div class=\"field-item odd \">La vendimia fue manual, se realiz\u00f3 a mano en peque\u00f1as cajas y tuvo lugar la segunda quincena de septiembre. Fermentaci\u00f3n durante 14 d\u00edas en dep\u00f3sitos de acero inoxidable.<\/div>\n<\/div>\n<\/div>\n<div class=\"field\">\n<div class=\"field-label\">2 meses de crianza en dep\u00f3sito como m\u00ednimo, con, al menos, otros dos meses m\u00e1s en botella.<\/div>\n<\/div>\n<div><\/div>\n<div><\/div>\n<div><em><strong>Maridaje:<\/strong> Ideal con pescados blancos y mariscos cocidos, a la plancha o en salsa, arroces y pastas de estilo marinero, &#8216;sushi&#8217;, ahumados, todo tipo de ensaladas y tapas fr\u00edas.<\/em><\/div>\n","protected":false},"excerpt":{"rendered":"<p>100% Albari\u00f1o La vendimia fue manual, se realiz\u00f3 a mano en peque\u00f1as cajas y tuvo lugar la segunda quincena de\u2026<\/p>\n","protected":false},"featured_media":8006,"template":"","meta":{"inline_featured_image":false,"_monsterinsights_skip_tracking":false,"_monsterinsights_sitenote_active":false,"_monsterinsights_sitenote_note":"","_monsterinsights_sitenote_category":0},"product_brand":[],"product_cat":[792,79],"product_tag":[],"class_list":{"0":"post-8005","1":"product","2":"type-product","3":"status-publish","4":"has-post-thumbnail","6":"product_cat-novedades","7":"product_cat-vinos-blancos","8":"pa_bodega-muriel-wines","9":"pa_zona-vinicola-d-o-rias-baixas","11":"first","12":"outofstock","13":"taxable","14":"shipping-taxable","15":"purchasable","16":"product-type-simple"},"_links":{"self":[{"href":"https:\/\/www.mr-vin.com\/en\/wp-json\/wp\/v2\/product\/8005","targetHints":{"allow":["GET"]}}],"collection":[{"href":"https:\/\/www.mr-vin.com\/en\/wp-json\/wp\/v2\/product"}],"about":[{"href":"https:\/\/www.mr-vin.com\/en\/wp-json\/wp\/v2\/types\/product"}],"wp:featuredmedia":[{"embeddable":true,"href":"https:\/\/www.mr-vin.com\/en\/wp-json\/wp\/v2\/media\/8006"}],"wp:attachment":[{"href":"https:\/\/www.mr-vin.com\/en\/wp-json\/wp\/v2\/media?parent=8005"}],"wp:term":[{"taxonomy":"product_brand","embeddable":true,"href":"https:\/\/www.mr-vin.com\/en\/wp-json\/wp\/v2\/product_brand?post=8005"},{"taxonomy":"product_cat","embeddable":true,"href":"https:\/\/www.mr-vin.com\/en\/wp-json\/wp\/v2\/product_cat?post=8005"},{"taxonomy":"product_tag","embeddable":true,"href":"https:\/\/www.mr-vin.com\/en\/wp-json\/wp\/v2\/product_tag?post=8005"}],"curies":[{"name":"wp","href":"https:\/\/api.w.org\/{rel}","templated":true}]}}