{"id":7977,"date":"2023-05-15T18:02:52","date_gmt":"2023-05-15T16:02:52","guid":{"rendered":"https:\/\/www.mr-vin.com\/?post_type=product&#038;p=7977"},"modified":"2024-05-30T12:57:13","modified_gmt":"2024-05-30T10:57:13","slug":"gramona-innoble-brut-nature","status":"publish","type":"product","link":"https:\/\/www.mr-vin.com\/en\/product\/gramona-innoble-brut-nature\/","title":{"rendered":"Gramona Innoble Brut Nature"},"content":{"rendered":"<p class=\"subtitleproduct\">Tres a\u00f1adas de xarel\u00b7lo conjugadas en un espumoso \u00fanico. Un medido ensamblaje de las a\u00f1adas 2015, 2016 y 2017 unido a una crianza en fudres de 3000 y 6000 litros resultaron en un magn\u00edfico espumoso catal\u00e1n, con\u00a0<strong>certificaci\u00f3n ecol\u00f3gica<\/strong>, caracterizado por su elegancia, su equilibrio, su excelente estructura y su delicada complejidad.<\/p>\n<p>Variedad de Uva:\u00a0100%\u00a0<a href=\"https:\/\/www.vinoseleccion.com\/variedades-de-uva\/xarel-lo\">Xarel\u00b7lo<\/a><\/p>\n<p>&nbsp;<\/p>\n<p><em>Gramona Innoble es un brut nature muy vers\u00e1til. Es fresco y complejo a la vez, por lo que es capaz de hacer disfrutar acompa\u00f1ado de platos muy diversos: tapas, pescados y carne a la plancha o con salsa, e incluso platos contundentes de cuchara.<\/em><\/p>\n","protected":false},"excerpt":{"rendered":"<p>Tres a\u00f1adas de xarel\u00b7lo conjugadas en un espumoso \u00fanico. Un medido ensamblaje de las a\u00f1adas 2015, 2016 y 2017 unido\u2026<\/p>\n","protected":false},"featured_media":7978,"template":"","meta":{"inline_featured_image":false,"_monsterinsights_skip_tracking":false,"_monsterinsights_sitenote_active":false,"_monsterinsights_sitenote_note":"","_monsterinsights_sitenote_category":0},"product_brand":[],"product_cat":[277,792],"product_tag":[],"class_list":{"0":"post-7977","1":"product","2":"type-product","3":"status-publish","4":"has-post-thumbnail","6":"product_cat-espumosos","7":"product_cat-novedades","8":"pa_bodega-gramona","9":"pa_zona-vinicola-corpinnat","11":"first","12":"instock","13":"taxable","14":"shipping-taxable","15":"purchasable","16":"product-type-simple"},"_links":{"self":[{"href":"https:\/\/www.mr-vin.com\/en\/wp-json\/wp\/v2\/product\/7977","targetHints":{"allow":["GET"]}}],"collection":[{"href":"https:\/\/www.mr-vin.com\/en\/wp-json\/wp\/v2\/product"}],"about":[{"href":"https:\/\/www.mr-vin.com\/en\/wp-json\/wp\/v2\/types\/product"}],"wp:featuredmedia":[{"embeddable":true,"href":"https:\/\/www.mr-vin.com\/en\/wp-json\/wp\/v2\/media\/7978"}],"wp:attachment":[{"href":"https:\/\/www.mr-vin.com\/en\/wp-json\/wp\/v2\/media?parent=7977"}],"wp:term":[{"taxonomy":"product_brand","embeddable":true,"href":"https:\/\/www.mr-vin.com\/en\/wp-json\/wp\/v2\/product_brand?post=7977"},{"taxonomy":"product_cat","embeddable":true,"href":"https:\/\/www.mr-vin.com\/en\/wp-json\/wp\/v2\/product_cat?post=7977"},{"taxonomy":"product_tag","embeddable":true,"href":"https:\/\/www.mr-vin.com\/en\/wp-json\/wp\/v2\/product_tag?post=7977"}],"curies":[{"name":"wp","href":"https:\/\/api.w.org\/{rel}","templated":true}]}}