{"id":7808,"date":"2023-03-14T18:55:30","date_gmt":"2023-03-14T16:55:30","guid":{"rendered":"https:\/\/www.mr-vin.com\/?post_type=product&#038;p=7808"},"modified":"2024-05-30T12:57:12","modified_gmt":"2024-05-30T10:57:12","slug":"telescopico-frontonio-garnacha","status":"publish","type":"product","link":"https:\/\/www.mr-vin.com\/en\/product\/telescopico-frontonio-garnacha\/","title":{"rendered":"Telesc\u00f3pico Frontonio Garnacha"},"content":{"rendered":"<p><strong>Frontonio Telesc\u00f3pico Garnacha\u00a0<\/strong>es un vino elaborado con<strong>\u00a0Garnacha\u00a0<\/strong>de vi\u00f1edos de entre 35 y 60 a\u00f1os de edad situados en los pueblos de \u00c9pila, Morata y Jarque.<\/p>\n<p>Variedad: <strong>Garnacha Peluda, Garnacha Tinta, Mazuela<\/strong><\/p>\n<p><strong>Frontonio Telesc\u00f3pico Garnacha<\/strong> es un tinto sensual y en\u00e9rgico. En nariz aparecen aromas a fruta confitada, fruta roja y especias dulces. En boca es especiado y afrutado, con un fino amargor.<\/p>\n<p>Vino tinto Envejecido en madera. 5 meses sobre l\u00edas en inox y 8 meses en barrica de roble franc\u00e9s usada.<\/p>\n<p>&nbsp;<\/p>\n","protected":false},"excerpt":{"rendered":"<p>Frontonio Telesc\u00f3pico Garnacha\u00a0es un vino elaborado con\u00a0Garnacha\u00a0de vi\u00f1edos de entre 35 y 60 a\u00f1os de edad situados en los pueblos\u2026<\/p>\n","protected":false},"featured_media":7809,"template":"","meta":{"inline_featured_image":false,"_monsterinsights_skip_tracking":false,"_monsterinsights_sitenote_active":false,"_monsterinsights_sitenote_note":"","_monsterinsights_sitenote_category":0},"product_brand":[],"product_cat":[792,77],"product_tag":[],"class_list":{"0":"post-7808","1":"product","2":"type-product","3":"status-publish","4":"has-post-thumbnail","6":"product_cat-novedades","7":"product_cat-vinos-tintos","8":"pa_bodega-frontonio","9":"pa_zona-vinicola-v-t-valdejalon","11":"first","12":"instock","13":"taxable","14":"shipping-taxable","15":"purchasable","16":"product-type-simple"},"_links":{"self":[{"href":"https:\/\/www.mr-vin.com\/en\/wp-json\/wp\/v2\/product\/7808","targetHints":{"allow":["GET"]}}],"collection":[{"href":"https:\/\/www.mr-vin.com\/en\/wp-json\/wp\/v2\/product"}],"about":[{"href":"https:\/\/www.mr-vin.com\/en\/wp-json\/wp\/v2\/types\/product"}],"wp:featuredmedia":[{"embeddable":true,"href":"https:\/\/www.mr-vin.com\/en\/wp-json\/wp\/v2\/media\/7809"}],"wp:attachment":[{"href":"https:\/\/www.mr-vin.com\/en\/wp-json\/wp\/v2\/media?parent=7808"}],"wp:term":[{"taxonomy":"product_brand","embeddable":true,"href":"https:\/\/www.mr-vin.com\/en\/wp-json\/wp\/v2\/product_brand?post=7808"},{"taxonomy":"product_cat","embeddable":true,"href":"https:\/\/www.mr-vin.com\/en\/wp-json\/wp\/v2\/product_cat?post=7808"},{"taxonomy":"product_tag","embeddable":true,"href":"https:\/\/www.mr-vin.com\/en\/wp-json\/wp\/v2\/product_tag?post=7808"}],"curies":[{"name":"wp","href":"https:\/\/api.w.org\/{rel}","templated":true}]}}