{"id":7726,"date":"2022-12-20T14:12:39","date_gmt":"2022-12-20T12:12:39","guid":{"rendered":"https:\/\/www.mr-vin.com\/?post_type=product&#038;p=7726"},"modified":"2025-03-25T12:52:09","modified_gmt":"2025-03-25T10:52:09","slug":"familia-valdelana-blanco-especial","status":"publish","type":"product","link":"https:\/\/www.mr-vin.com\/en\/product\/familia-valdelana-blanco-especial\/","title":{"rendered":"Familia Valdelana blanco semidulce"},"content":{"rendered":"<p><strong>50% Malvas\u00eda, 50% Viura.<\/strong> Equilibrado ensamblaje entre la principal variedad de uva blanca en Rioja (Viura) y la Malvas\u00eda, especie minoritaria y escasa en esta tierra, propia de climas secos, terrenos pobres y con alta sensibilidad a las humedades.<\/p>\n<p>Vinificado por el joven de la familia, Juan. Elaboraci\u00f3n en prensa horizontal inertizada con nieve carb\u00f3nica, m\u00e1xima extracci\u00f3n arom\u00e1tica. Prefermentaci\u00f3n durante 3 d\u00edas hasta el inicio de la fermentaci\u00f3n.<\/p>\n","protected":false},"excerpt":{"rendered":"<p>50% Malvas\u00eda, 50% Viura. Equilibrado ensamblaje entre la principal variedad de uva blanca en Rioja (Viura) y la Malvas\u00eda, especie\u2026<\/p>\n","protected":false},"featured_media":7729,"template":"","meta":{"inline_featured_image":false,"_monsterinsights_skip_tracking":false,"_monsterinsights_sitenote_active":false,"_monsterinsights_sitenote_note":"","_monsterinsights_sitenote_category":0},"product_brand":[],"product_cat":[792,79],"product_tag":[],"class_list":{"0":"post-7726","1":"product","2":"type-product","3":"status-publish","4":"has-post-thumbnail","6":"product_cat-novedades","7":"product_cat-vinos-blancos","8":"pa_bodega-bodegas-valdelana","9":"pa_zona-vinicola-d-o-c-rioja","11":"first","12":"instock","13":"taxable","14":"shipping-taxable","15":"purchasable","16":"product-type-simple"},"_links":{"self":[{"href":"https:\/\/www.mr-vin.com\/en\/wp-json\/wp\/v2\/product\/7726","targetHints":{"allow":["GET"]}}],"collection":[{"href":"https:\/\/www.mr-vin.com\/en\/wp-json\/wp\/v2\/product"}],"about":[{"href":"https:\/\/www.mr-vin.com\/en\/wp-json\/wp\/v2\/types\/product"}],"wp:featuredmedia":[{"embeddable":true,"href":"https:\/\/www.mr-vin.com\/en\/wp-json\/wp\/v2\/media\/7729"}],"wp:attachment":[{"href":"https:\/\/www.mr-vin.com\/en\/wp-json\/wp\/v2\/media?parent=7726"}],"wp:term":[{"taxonomy":"product_brand","embeddable":true,"href":"https:\/\/www.mr-vin.com\/en\/wp-json\/wp\/v2\/product_brand?post=7726"},{"taxonomy":"product_cat","embeddable":true,"href":"https:\/\/www.mr-vin.com\/en\/wp-json\/wp\/v2\/product_cat?post=7726"},{"taxonomy":"product_tag","embeddable":true,"href":"https:\/\/www.mr-vin.com\/en\/wp-json\/wp\/v2\/product_tag?post=7726"}],"curies":[{"name":"wp","href":"https:\/\/api.w.org\/{rel}","templated":true}]}}