{"id":7722,"date":"2023-03-15T18:17:30","date_gmt":"2023-03-15T16:17:30","guid":{"rendered":"https:\/\/www.mr-vin.com\/?post_type=product&#038;p=7722"},"modified":"2025-01-12T02:07:15","modified_gmt":"2025-01-12T00:07:15","slug":"el-vinculo-crianza","status":"publish","type":"product","link":"https:\/\/www.mr-vin.com\/en\/product\/el-vinculo-crianza\/","title":{"rendered":"El v\u00ednculo crianza"},"content":{"rendered":"<p><strong>El V\u00ednculo Crianza 2018\u00a0<\/strong>es un t<strong>empranillo\u00a0<\/strong>manchego\u00a0de gran frescura\u00a0que ha recibido una excelente crianza en barrica de roble americano, la preferida de la<strong>\u00a0familia Fern\u00e1ndez Rivera<\/strong>. Destaca su<strong>\u00a0intensidad arom\u00e1tica,<\/strong>\u00a0con notas florales, especiadas y bals\u00e1micas.<\/p>\n<p><em><strong>Maridaje<\/strong>: Perfecto acompa\u00f1ante del jam\u00f3n ib\u00e9rico o un poco de chocolate negro. Y con una fabada asturiana es la gloria.<\/em><\/p>\n","protected":false},"excerpt":{"rendered":"<p>El V\u00ednculo Crianza 2018\u00a0es un tempranillo\u00a0manchego\u00a0de gran frescura\u00a0que ha recibido una excelente crianza en barrica de roble americano, la preferida\u2026<\/p>\n","protected":false},"featured_media":7821,"template":"","meta":{"inline_featured_image":false,"_monsterinsights_skip_tracking":false,"_monsterinsights_sitenote_active":false,"_monsterinsights_sitenote_note":"","_monsterinsights_sitenote_category":0},"product_brand":[],"product_cat":[792,77],"product_tag":[],"class_list":{"0":"post-7722","1":"product","2":"type-product","3":"status-publish","4":"has-post-thumbnail","6":"product_cat-novedades","7":"product_cat-vinos-tintos","8":"pa_bodega-el-vinculo","9":"pa_zona-vinicola-d-o-la-mancha","11":"first","12":"instock","13":"taxable","14":"shipping-taxable","15":"purchasable","16":"product-type-simple"},"_links":{"self":[{"href":"https:\/\/www.mr-vin.com\/en\/wp-json\/wp\/v2\/product\/7722","targetHints":{"allow":["GET"]}}],"collection":[{"href":"https:\/\/www.mr-vin.com\/en\/wp-json\/wp\/v2\/product"}],"about":[{"href":"https:\/\/www.mr-vin.com\/en\/wp-json\/wp\/v2\/types\/product"}],"wp:featuredmedia":[{"embeddable":true,"href":"https:\/\/www.mr-vin.com\/en\/wp-json\/wp\/v2\/media\/7821"}],"wp:attachment":[{"href":"https:\/\/www.mr-vin.com\/en\/wp-json\/wp\/v2\/media?parent=7722"}],"wp:term":[{"taxonomy":"product_brand","embeddable":true,"href":"https:\/\/www.mr-vin.com\/en\/wp-json\/wp\/v2\/product_brand?post=7722"},{"taxonomy":"product_cat","embeddable":true,"href":"https:\/\/www.mr-vin.com\/en\/wp-json\/wp\/v2\/product_cat?post=7722"},{"taxonomy":"product_tag","embeddable":true,"href":"https:\/\/www.mr-vin.com\/en\/wp-json\/wp\/v2\/product_tag?post=7722"}],"curies":[{"name":"wp","href":"https:\/\/api.w.org\/{rel}","templated":true}]}}