{"id":7563,"date":"2022-10-19T17:54:20","date_gmt":"2022-10-19T15:54:20","guid":{"rendered":"https:\/\/www.mr-vin.com\/?post_type=product&#038;p=7563"},"modified":"2024-05-30T12:57:12","modified_gmt":"2024-05-30T10:57:12","slug":"el-vol-de-nit-garnacha-y-carinena","status":"publish","type":"product","link":"https:\/\/www.mr-vin.com\/en\/product\/el-vol-de-nit-garnacha-y-carinena\/","title":{"rendered":"El vol de nit garnacha y cari\u00f1ena"},"content":{"rendered":"<p><span id=\"page3R_mcid31\" class=\"markedContent\"><span dir=\"ltr\" role=\"presentation\">Uvas<\/span><\/span><span id=\"page3R_mcid32\" class=\"markedContent\"> <span dir=\"ltr\" role=\"presentation\">seleccionadas<\/span><\/span><span id=\"page3R_mcid33\" class=\"markedContent\"> <span dir=\"ltr\" role=\"presentation\">de<\/span><\/span><span id=\"page3R_mcid34\" class=\"markedContent\"> <span dir=\"ltr\" role=\"presentation\">las<\/span><\/span><span id=\"page3R_mcid35\" class=\"markedContent\"> <span dir=\"ltr\" role=\"presentation\">fincas<\/span><\/span><span id=\"page3R_mcid36\" class=\"markedContent\"> <span dir=\"ltr\" role=\"presentation\">Plana <\/span><\/span><span id=\"page3R_mcid37\" class=\"markedContent\"><span dir=\"ltr\" role=\"presentation\">del<\/span><\/span><span id=\"page3R_mcid38\" class=\"markedContent\"> <span dir=\"ltr\" role=\"presentation\">Bou<\/span><\/span><span id=\"page3R_mcid39\" class=\"markedContent\"> <span dir=\"ltr\" role=\"presentation\">(Garnacha)<\/span><\/span><span id=\"page3R_mcid40\" class=\"markedContent\"> <span dir=\"ltr\" role=\"presentation\">y<\/span><\/span><span id=\"page3R_mcid41\" class=\"markedContent\"> <span dir=\"ltr\" role=\"presentation\">Mas<\/span><\/span><span id=\"page3R_mcid42\" class=\"markedContent\"> <span dir=\"ltr\" role=\"presentation\">Moi\u00f3 <\/span><\/span><span id=\"page3R_mcid43\" class=\"markedContent\"><span dir=\"ltr\" role=\"presentation\">(Cari\u00f1ena)<\/span><\/span><span id=\"page3R_mcid44\" class=\"markedContent\"> <span dir=\"ltr\" role=\"presentation\">en<\/span><\/span><span id=\"page3R_mcid45\" class=\"markedContent\"> <span dir=\"ltr\" role=\"presentation\">la<\/span><\/span><span id=\"page3R_mcid46\" class=\"markedContent\"> <span dir=\"ltr\" role=\"presentation\">zona<\/span><\/span><span id=\"page3R_mcid47\" class=\"markedContent\"> <span dir=\"ltr\" role=\"presentation\">del<\/span><\/span><span id=\"page3R_mcid48\" class=\"markedContent\"> <span dir=\"ltr\" role=\"presentation\">Alt<\/span><\/span><span id=\"page3R_mcid49\" class=\"markedContent\"> <span dir=\"ltr\" role=\"presentation\">Pened\u00e8s <\/span><\/span><span id=\"page3R_mcid50\" class=\"markedContent\"><span dir=\"ltr\" role=\"presentation\">con<\/span><\/span><span id=\"page3R_mcid51\" class=\"markedContent\"> <span dir=\"ltr\" role=\"presentation\">altitudes<\/span><\/span><span id=\"page3R_mcid52\" class=\"markedContent\"> <span dir=\"ltr\" role=\"presentation\">superiores<\/span><\/span><span id=\"page3R_mcid53\" class=\"markedContent\"> <span dir=\"ltr\" role=\"presentation\">a<\/span><\/span><span id=\"page3R_mcid54\" class=\"markedContent\"> <span dir=\"ltr\" role=\"presentation\">los<\/span><\/span><span id=\"page3R_mcid55\" class=\"markedContent\"> <span dir=\"ltr\" role=\"presentation\">400 <\/span><\/span><span id=\"page3R_mcid56\" class=\"markedContent\"><span dir=\"ltr\" role=\"presentation\">metros<\/span><\/span><span id=\"page3R_mcid57\" class=\"markedContent\"><span dir=\"ltr\" role=\"presentation\">.<br \/>\n<\/span><\/span><span id=\"page3R_mcid59\" class=\"markedContent\"><span dir=\"ltr\" role=\"presentation\">Aromas<\/span><\/span><span id=\"page3R_mcid60\" class=\"markedContent\"> <span dir=\"ltr\" role=\"presentation\">intensos<\/span><\/span><span id=\"page3R_mcid61\" class=\"markedContent\"> <span dir=\"ltr\" role=\"presentation\">de<\/span><\/span><span id=\"page3R_mcid62\" class=\"markedContent\"> <span dir=\"ltr\" role=\"presentation\">fruta<\/span><\/span><span id=\"page3R_mcid63\" class=\"markedContent\"> <span dir=\"ltr\" role=\"presentation\">negra<\/span><\/span><span id=\"page3R_mcid64\" class=\"markedContent\"> <span dir=\"ltr\" role=\"presentation\">madura <\/span><\/span><span id=\"page3R_mcid65\" class=\"markedContent\"><span dir=\"ltr\" role=\"presentation\">con<\/span><\/span><span id=\"page3R_mcid66\" class=\"markedContent\"> <span dir=\"ltr\" role=\"presentation\">toques<\/span><\/span><span id=\"page3R_mcid67\" class=\"markedContent\"> <span dir=\"ltr\" role=\"presentation\">especiados<\/span><\/span><span id=\"page3R_mcid68\" class=\"markedContent\"> <span dir=\"ltr\" role=\"presentation\">y<\/span><\/span><span id=\"page3R_mcid69\" class=\"markedContent\"> <span dir=\"ltr\" role=\"presentation\">bals\u00e1micos<\/span><\/span><span id=\"page3R_mcid70\" class=\"markedContent\"><span dir=\"ltr\" role=\"presentation\">.<\/span><\/span><span id=\"page3R_mcid71\" class=\"markedContent\"> <span dir=\"ltr\" role=\"presentation\">En <\/span><\/span><span id=\"page3R_mcid72\" class=\"markedContent\"><span dir=\"ltr\" role=\"presentation\">boca<\/span><\/span><span id=\"page3R_mcid73\" class=\"markedContent\"> <span dir=\"ltr\" role=\"presentation\">es<\/span><\/span><span id=\"page3R_mcid74\" class=\"markedContent\"> <span dir=\"ltr\" role=\"presentation\">carnoso,<\/span><\/span><span id=\"page3R_mcid75\" class=\"markedContent\"> <span dir=\"ltr\" role=\"presentation\">con<\/span><\/span><span id=\"page3R_mcid76\" class=\"markedContent\"> <span dir=\"ltr\" role=\"presentation\">notas<\/span><\/span><span id=\"page3R_mcid77\" class=\"markedContent\"> <span dir=\"ltr\" role=\"presentation\">ahumadas<\/span><\/span><span id=\"page3R_mcid78\" class=\"markedContent\"> <span dir=\"ltr\" role=\"presentation\">y <\/span><\/span><span id=\"page3R_mcid79\" class=\"markedContent\"><span dir=\"ltr\" role=\"presentation\">taninos<\/span><\/span><span id=\"page3R_mcid80\" class=\"markedContent\"> <span dir=\"ltr\" role=\"presentation\">sedosos<\/span><\/span><span id=\"page3R_mcid81\" class=\"markedContent\"><span dir=\"ltr\" role=\"presentation\">. <span id=\"page3R_mcid137\" class=\"markedContent\">Envejecido<\/span><span id=\"page3R_mcid138\" class=\"markedContent\"> en<\/span><span id=\"page3R_mcid139\" class=\"markedContent\"> barricas<\/span><span id=\"page3R_mcid140\" class=\"markedContent\"> de<\/span><span id=\"page3R_mcid141\" class=\"markedContent\"> primer<\/span><span id=\"page3R_mcid142\" class=\"markedContent\"> a\u00f1o<\/span><span id=\"page3R_mcid143\" class=\"markedContent\"> de<\/span><span id=\"page3R_mcid144\" class=\"markedContent\"> roble<\/span><span id=\"page3R_mcid145\" class=\"markedContent\"> franc\u00e9s<\/span><span id=\"page3R_mcid146\" class=\"markedContent\"> de<\/span><span id=\"page3R_mcid147\" class=\"markedContent\"> 300<\/span><span id=\"page3R_mcid148\" class=\"markedContent\">l<\/span><span id=\"page3R_mcid149\" class=\"markedContent\"> durante<\/span><span id=\"page3R_mcid150\" class=\"markedContent\"> 13<\/span><span id=\"page3R_mcid151\" class=\"markedContent\"> meses<\/span><span id=\"page3R_mcid152\" class=\"markedContent\">.<\/span><strong>Vino vegano.<\/strong><br \/>\n<\/span><\/span><\/p>\n<p><strong><span id=\"page3R_mcid26\" class=\"markedContent\"><span dir=\"ltr\" role=\"presentation\">Garnacha 50% y Cari\u00f1ena 50%<\/span><\/span><\/strong><\/p>\n<p><em>Recomendado con guisos de carne, platos de caza mayor y quesos curados.<\/em><\/p>\n<p>&nbsp;<\/p>\n<p>&#8220;<em>El Vol de Nit representa la m\u00e1s alta expresi\u00f3n de las variedades locales Garnacha y Cari\u00f1ena, el perfecto equilibrio entre potencia y elegancia.&#8221; <\/em><\/p>\n<p>&nbsp;<\/p>\n","protected":false},"excerpt":{"rendered":"<p>Uvas seleccionadas de las fincas Plana del Bou (Garnacha) y Mas Moi\u00f3 (Cari\u00f1ena) en la zona del Alt Pened\u00e8s con\u2026<\/p>\n","protected":false},"featured_media":7564,"template":"","meta":{"inline_featured_image":false,"_monsterinsights_skip_tracking":false,"_monsterinsights_sitenote_active":false,"_monsterinsights_sitenote_note":"","_monsterinsights_sitenote_category":0},"product_brand":[],"product_cat":[792,78,77],"product_tag":[],"class_list":{"0":"post-7563","1":"product","2":"type-product","3":"status-publish","4":"has-post-thumbnail","6":"product_cat-novedades","7":"product_cat-vinos-ecologicos","8":"product_cat-vinos-tintos","9":"pa_bodega-u-mes-u","11":"first","12":"instock","13":"taxable","14":"shipping-taxable","15":"purchasable","16":"product-type-simple"},"_links":{"self":[{"href":"https:\/\/www.mr-vin.com\/en\/wp-json\/wp\/v2\/product\/7563","targetHints":{"allow":["GET"]}}],"collection":[{"href":"https:\/\/www.mr-vin.com\/en\/wp-json\/wp\/v2\/product"}],"about":[{"href":"https:\/\/www.mr-vin.com\/en\/wp-json\/wp\/v2\/types\/product"}],"wp:featuredmedia":[{"embeddable":true,"href":"https:\/\/www.mr-vin.com\/en\/wp-json\/wp\/v2\/media\/7564"}],"wp:attachment":[{"href":"https:\/\/www.mr-vin.com\/en\/wp-json\/wp\/v2\/media?parent=7563"}],"wp:term":[{"taxonomy":"product_brand","embeddable":true,"href":"https:\/\/www.mr-vin.com\/en\/wp-json\/wp\/v2\/product_brand?post=7563"},{"taxonomy":"product_cat","embeddable":true,"href":"https:\/\/www.mr-vin.com\/en\/wp-json\/wp\/v2\/product_cat?post=7563"},{"taxonomy":"product_tag","embeddable":true,"href":"https:\/\/www.mr-vin.com\/en\/wp-json\/wp\/v2\/product_tag?post=7563"}],"curies":[{"name":"wp","href":"https:\/\/api.w.org\/{rel}","templated":true}]}}