{"id":7549,"date":"2022-10-18T11:13:58","date_gmt":"2022-10-18T09:13:58","guid":{"rendered":"https:\/\/www.mr-vin.com\/?post_type=product&#038;p=7549"},"modified":"2024-05-30T12:57:12","modified_gmt":"2024-05-30T10:57:12","slug":"pieles-doradas","status":"publish","type":"product","link":"https:\/\/www.mr-vin.com\/en\/product\/pieles-doradas\/","title":{"rendered":"Pieles Doradas"},"content":{"rendered":"<p>Pieles Doradas es un\u00a0<em>coupage <\/em>dominado por la <strong>Merseguera <\/strong>y completado por la\u00a0<strong>Macabeo<\/strong>, la <strong>Malvas\u00eda <\/strong>y la <strong>Moscatel<\/strong>. Estas tienen su origen en peque\u00f1os vi\u00f1edos repartidos a pie de monte y en laderas en el <strong>Parque Natural de las Hoces del r\u00edo Cabriel<\/strong> y son fermentadas y maduradas la mitad en barricas usadas, la mitad en acero inoxidable.<br \/>\nTodo para dar un <strong>blanco arom\u00e1ticamente intenso y seductor<\/strong>, con notas de fruta de hueso y un cremoso y especiado toque a vainilla.<\/p>\n<p>&nbsp;<\/p>\n<p><em><strong>Maridaje:<\/strong> Acompa\u00f1a muy bien a todo tipo de mariscos, pescados azules, carnes blancas y platos complejos y elaborados con productos como setas y trufa. <\/em><\/p>\n<p>&nbsp;<\/p>\n<p>&nbsp;<\/p>\n","protected":false},"excerpt":{"rendered":"<p>Pieles Doradas es un\u00a0coupage dominado por la Merseguera y completado por la\u00a0Macabeo, la Malvas\u00eda y la Moscatel. Estas tienen su\u2026<\/p>\n","protected":false},"featured_media":7550,"template":"","meta":{"inline_featured_image":false,"_monsterinsights_skip_tracking":false,"_monsterinsights_sitenote_active":false,"_monsterinsights_sitenote_note":"","_monsterinsights_sitenote_category":0},"product_brand":[],"product_cat":[792,79],"product_tag":[],"class_list":{"0":"post-7549","1":"product","2":"type-product","3":"status-publish","4":"has-post-thumbnail","6":"product_cat-novedades","7":"product_cat-vinos-blancos","8":"pa_bodega-bruno-murciano","9":"pa_zona-vinicola-d-o-utiel-requena","10":"pa_zona-vinicola-valencia","12":"first","13":"instock","14":"taxable","15":"shipping-taxable","16":"purchasable","17":"product-type-simple"},"_links":{"self":[{"href":"https:\/\/www.mr-vin.com\/en\/wp-json\/wp\/v2\/product\/7549","targetHints":{"allow":["GET"]}}],"collection":[{"href":"https:\/\/www.mr-vin.com\/en\/wp-json\/wp\/v2\/product"}],"about":[{"href":"https:\/\/www.mr-vin.com\/en\/wp-json\/wp\/v2\/types\/product"}],"wp:featuredmedia":[{"embeddable":true,"href":"https:\/\/www.mr-vin.com\/en\/wp-json\/wp\/v2\/media\/7550"}],"wp:attachment":[{"href":"https:\/\/www.mr-vin.com\/en\/wp-json\/wp\/v2\/media?parent=7549"}],"wp:term":[{"taxonomy":"product_brand","embeddable":true,"href":"https:\/\/www.mr-vin.com\/en\/wp-json\/wp\/v2\/product_brand?post=7549"},{"taxonomy":"product_cat","embeddable":true,"href":"https:\/\/www.mr-vin.com\/en\/wp-json\/wp\/v2\/product_cat?post=7549"},{"taxonomy":"product_tag","embeddable":true,"href":"https:\/\/www.mr-vin.com\/en\/wp-json\/wp\/v2\/product_tag?post=7549"}],"curies":[{"name":"wp","href":"https:\/\/api.w.org\/{rel}","templated":true}]}}