{"id":7474,"date":"2022-09-30T13:21:32","date_gmt":"2022-09-30T11:21:32","guid":{"rendered":"https:\/\/www.mr-vin.com\/?post_type=product&#038;p=7474"},"modified":"2024-05-30T12:57:12","modified_gmt":"2024-05-30T10:57:12","slug":"le-naturel-pet-nat","status":"publish","type":"product","link":"https:\/\/www.mr-vin.com\/en\/product\/le-naturel-pet-nat\/","title":{"rendered":"Le naturel &#8220;Pet nat&#8221;"},"content":{"rendered":"<p><span dir=\"ltr\" role=\"presentation\">Este Pet Nat (\u2018p\u00e9tillant naturel\u2019) <strong>garnacha blanca<\/strong> es el primer <strong>vino espumoso<\/strong> de Aroa. Se elabora con el m\u00e9todo ancestral, es <\/span><span dir=\"ltr\" role=\"presentation\">decir, terminando la<strong> fermentaci\u00f3n en la botella<\/strong> y<strong> sin segunda fermentaci\u00f3n ni deg\u00fcelle<\/strong>, la forma m\u00e1s artesanal <\/span><span dir=\"ltr\" role=\"presentation\">de atrapar burbujas en una botella. <\/span><\/p>\n<p><span dir=\"ltr\" role=\"presentation\">Siguiendo la filosof\u00eda de Le Naturel, <strong>no se le a\u00f1aden sulfitos ni ning\u00fan otro <\/strong><\/span><span dir=\"ltr\" role=\"presentation\"><strong>ingrediente<\/strong>. Descorcharlo nos traslada al momento en que la uva reci\u00e9n cortada llega a la bodega. Le Naturel <\/span><span dir=\"ltr\" role=\"presentation\">Pet Nat huele y sabe a pura vendimia.<\/span><\/p>\n","protected":false},"excerpt":{"rendered":"<p>Este Pet Nat (\u2018p\u00e9tillant naturel\u2019) garnacha blanca es el primer vino espumoso de Aroa. Se elabora con el m\u00e9todo ancestral,\u2026<\/p>\n","protected":false},"featured_media":7475,"template":"","meta":{"inline_featured_image":false,"_monsterinsights_skip_tracking":false,"_monsterinsights_sitenote_active":false,"_monsterinsights_sitenote_note":"","_monsterinsights_sitenote_category":0},"product_brand":[],"product_cat":[277,792,78],"product_tag":[],"class_list":{"0":"post-7474","1":"product","2":"type-product","3":"status-publish","4":"has-post-thumbnail","6":"product_cat-espumosos","7":"product_cat-novedades","8":"product_cat-vinos-ecologicos","9":"pa_bodega-vintae","10":"pa_zona-vinicola-d-o-navarra","12":"first","13":"instock","14":"taxable","15":"shipping-taxable","16":"purchasable","17":"product-type-simple"},"_links":{"self":[{"href":"https:\/\/www.mr-vin.com\/en\/wp-json\/wp\/v2\/product\/7474","targetHints":{"allow":["GET"]}}],"collection":[{"href":"https:\/\/www.mr-vin.com\/en\/wp-json\/wp\/v2\/product"}],"about":[{"href":"https:\/\/www.mr-vin.com\/en\/wp-json\/wp\/v2\/types\/product"}],"wp:featuredmedia":[{"embeddable":true,"href":"https:\/\/www.mr-vin.com\/en\/wp-json\/wp\/v2\/media\/7475"}],"wp:attachment":[{"href":"https:\/\/www.mr-vin.com\/en\/wp-json\/wp\/v2\/media?parent=7474"}],"wp:term":[{"taxonomy":"product_brand","embeddable":true,"href":"https:\/\/www.mr-vin.com\/en\/wp-json\/wp\/v2\/product_brand?post=7474"},{"taxonomy":"product_cat","embeddable":true,"href":"https:\/\/www.mr-vin.com\/en\/wp-json\/wp\/v2\/product_cat?post=7474"},{"taxonomy":"product_tag","embeddable":true,"href":"https:\/\/www.mr-vin.com\/en\/wp-json\/wp\/v2\/product_tag?post=7474"}],"curies":[{"name":"wp","href":"https:\/\/api.w.org\/{rel}","templated":true}]}}