{"id":7460,"date":"2022-09-27T17:31:16","date_gmt":"2022-09-27T15:31:16","guid":{"rendered":"https:\/\/www.mr-vin.com\/?post_type=product&#038;p=7460"},"modified":"2024-07-29T09:41:10","modified_gmt":"2024-07-29T07:41:10","slug":"el-pacto-blanco","status":"publish","type":"product","link":"https:\/\/www.mr-vin.com\/en\/product\/el-pacto-blanco\/","title":{"rendered":"El pacto blanco"},"content":{"rendered":"<p>El\u00a0<strong>Pacto\u00a0Blanco<\/strong> es un vino de la D.O. Rioja elaborado por Vi\u00f1edos El Pacto con <em><strong>Viura, Malvas\u00eda y Garnacha Blanca\u00a0<\/strong><\/em><\/p>\n<p>Vi\u00f1edos viejos, con edad media de en torno a 60 a\u00f1os (plantados entre 1915 y 1974) ubicados en las localidades de C\u00e1rdenas y N\u00e1jera. Maceraci\u00f3n de los racimos enteros durante 24 horas para conseguir mayor riqueza arom\u00e1tica y volumen en boca.<\/p>\n","protected":false},"excerpt":{"rendered":"<p>El\u00a0Pacto\u00a0Blanco es un vino de la D.O. Rioja elaborado por Vi\u00f1edos El Pacto con Viura, Malvas\u00eda y Garnacha Blanca\u00a0 Vi\u00f1edos\u2026<\/p>\n","protected":false},"featured_media":7461,"template":"","meta":{"inline_featured_image":false,"_monsterinsights_skip_tracking":false,"_monsterinsights_sitenote_active":false,"_monsterinsights_sitenote_note":"","_monsterinsights_sitenote_category":0},"product_brand":[],"product_cat":[792,79],"product_tag":[],"class_list":{"0":"post-7460","1":"product","2":"type-product","3":"status-publish","4":"has-post-thumbnail","6":"product_cat-novedades","7":"product_cat-vinos-blancos","8":"pa_bodega-vintae","9":"pa_zona-vinicola-d-o-c-rioja","11":"first","12":"instock","13":"taxable","14":"shipping-taxable","15":"purchasable","16":"product-type-simple"},"_links":{"self":[{"href":"https:\/\/www.mr-vin.com\/en\/wp-json\/wp\/v2\/product\/7460","targetHints":{"allow":["GET"]}}],"collection":[{"href":"https:\/\/www.mr-vin.com\/en\/wp-json\/wp\/v2\/product"}],"about":[{"href":"https:\/\/www.mr-vin.com\/en\/wp-json\/wp\/v2\/types\/product"}],"wp:featuredmedia":[{"embeddable":true,"href":"https:\/\/www.mr-vin.com\/en\/wp-json\/wp\/v2\/media\/7461"}],"wp:attachment":[{"href":"https:\/\/www.mr-vin.com\/en\/wp-json\/wp\/v2\/media?parent=7460"}],"wp:term":[{"taxonomy":"product_brand","embeddable":true,"href":"https:\/\/www.mr-vin.com\/en\/wp-json\/wp\/v2\/product_brand?post=7460"},{"taxonomy":"product_cat","embeddable":true,"href":"https:\/\/www.mr-vin.com\/en\/wp-json\/wp\/v2\/product_cat?post=7460"},{"taxonomy":"product_tag","embeddable":true,"href":"https:\/\/www.mr-vin.com\/en\/wp-json\/wp\/v2\/product_tag?post=7460"}],"curies":[{"name":"wp","href":"https:\/\/api.w.org\/{rel}","templated":true}]}}