{"id":7410,"date":"2022-09-22T12:59:23","date_gmt":"2022-09-22T10:59:23","guid":{"rendered":"https:\/\/www.mr-vin.com\/?post_type=product&#038;p=7410"},"modified":"2024-05-30T12:57:11","modified_gmt":"2024-05-30T10:57:11","slug":"beautiful-things-de-paco-garcia","status":"publish","type":"product","link":"https:\/\/www.mr-vin.com\/en\/product\/beautiful-things-de-paco-garcia\/","title":{"rendered":"Beautiful Things de Paco Garc\u00eda"},"content":{"rendered":"<p>Se vendimia a mano en peque\u00f1as cajas de 12 kilos. Mezcla de uvas de las variedades<strong> Tempranillo y Graciano<\/strong><\/p>\n<p>Este vino realiza la fermentaci\u00f3n alcoh\u00f3lica en un dep\u00f3sito de acero inoxidable y posteriormente realiza la fermentaci\u00f3n malol\u00e1ctica en una tina de madera de roble franc\u00e9s Allier de 12.000 litros. Al ser un vi\u00f1edo tan antiguo el rendimiento de cada cepa es bajo, produce menos racimos pero de mayor calidad y de manera constante anualmente. Madura entre<i> 15 y 18 meses en barricas siempre nuevas de roble franc\u00e9s Ic\u00f4ne, o de alta gama de los maestros toneleros franceses.<\/i><\/p>\n<p>&nbsp;<\/p>\n<p><em><strong>Beautiful Things de Paco Garc\u00eda es esa \u201ccosa bonita\u201d<\/strong> que todos queremos conseguir, ese momento confortable, ese sabor que nos recuerda a algo placentero, esa agradable compa\u00f1\u00eda, ese momento bonito de nuestra vida.<\/em><\/p>\n<p><em>B\u00e9betelo cuando hayas luchado por conseguirlo, cuando lo vayas a celebrar, cando quieras hacer el amor, cuando est\u00e9s plet\u00f3rico! Y b\u00e9betelo siempre con buena compa\u00f1\u00eda, de noche o de d\u00eda. Disfr\u00fatalo porque lo habr\u00e1s ganado.<\/em><\/p>\n","protected":false},"excerpt":{"rendered":"<p>Se vendimia a mano en peque\u00f1as cajas de 12 kilos. Mezcla de uvas de las variedades Tempranillo y Graciano Este\u2026<\/p>\n","protected":false},"featured_media":7411,"template":"","meta":{"inline_featured_image":false,"_monsterinsights_skip_tracking":false,"_monsterinsights_sitenote_active":false,"_monsterinsights_sitenote_note":"","_monsterinsights_sitenote_category":0},"product_brand":[],"product_cat":[792,77],"product_tag":[],"class_list":{"0":"post-7410","1":"product","2":"type-product","3":"status-publish","4":"has-post-thumbnail","6":"product_cat-novedades","7":"product_cat-vinos-tintos","8":"pa_bodega-paco-garcia","9":"pa_zona-vinicola-d-o-c-rioja","11":"first","12":"instock","13":"taxable","14":"shipping-taxable","15":"purchasable","16":"product-type-simple"},"_links":{"self":[{"href":"https:\/\/www.mr-vin.com\/en\/wp-json\/wp\/v2\/product\/7410","targetHints":{"allow":["GET"]}}],"collection":[{"href":"https:\/\/www.mr-vin.com\/en\/wp-json\/wp\/v2\/product"}],"about":[{"href":"https:\/\/www.mr-vin.com\/en\/wp-json\/wp\/v2\/types\/product"}],"wp:featuredmedia":[{"embeddable":true,"href":"https:\/\/www.mr-vin.com\/en\/wp-json\/wp\/v2\/media\/7411"}],"wp:attachment":[{"href":"https:\/\/www.mr-vin.com\/en\/wp-json\/wp\/v2\/media?parent=7410"}],"wp:term":[{"taxonomy":"product_brand","embeddable":true,"href":"https:\/\/www.mr-vin.com\/en\/wp-json\/wp\/v2\/product_brand?post=7410"},{"taxonomy":"product_cat","embeddable":true,"href":"https:\/\/www.mr-vin.com\/en\/wp-json\/wp\/v2\/product_cat?post=7410"},{"taxonomy":"product_tag","embeddable":true,"href":"https:\/\/www.mr-vin.com\/en\/wp-json\/wp\/v2\/product_tag?post=7410"}],"curies":[{"name":"wp","href":"https:\/\/api.w.org\/{rel}","templated":true}]}}