{"id":7223,"date":"2022-08-29T12:44:04","date_gmt":"2022-08-29T10:44:04","guid":{"rendered":"https:\/\/www.mr-vin.com\/?post_type=product&#038;p=7223"},"modified":"2024-05-30T12:57:11","modified_gmt":"2024-05-30T10:57:11","slug":"luis-canas-vinas-viejas-blanco-sobre-lias","status":"publish","type":"product","link":"https:\/\/www.mr-vin.com\/en\/product\/luis-canas-vinas-viejas-blanco-sobre-lias\/","title":{"rendered":"Luis ca\u00f1as vi\u00f1as viejas blanco sobre lias"},"content":{"rendered":"<p><strong>Luis Ca\u00f1as Fermentado en Barrica<\/strong>\u00a0fermenta durante 17 d\u00edas a 19\u00ba de temperatura. Posteriormente se trasiega a\u00a0barricas nuevas de roble franc\u00e9s (75%) y americano (25%) para realizar la malol\u00e1ctica y reposa en ellas durante 3 meses junto con sus lias con un resultado de un vino voluminoso y con cuerpo.<\/p>\n<p><span class=\"value data_features SourceSansProSemiBold\">90% Viura, 10% Malvas\u00eda<\/span><\/p>\n","protected":false},"excerpt":{"rendered":"<p>Luis Ca\u00f1as Fermentado en Barrica\u00a0fermenta durante 17 d\u00edas a 19\u00ba de temperatura. Posteriormente se trasiega a\u00a0barricas nuevas de roble franc\u00e9s\u2026<\/p>\n","protected":false},"featured_media":7224,"template":"","meta":{"inline_featured_image":false,"_monsterinsights_skip_tracking":false,"_monsterinsights_sitenote_active":false,"_monsterinsights_sitenote_note":"","_monsterinsights_sitenote_category":0},"product_brand":[],"product_cat":[792,77],"product_tag":[],"class_list":{"0":"post-7223","1":"product","2":"type-product","3":"status-publish","4":"has-post-thumbnail","6":"product_cat-novedades","7":"product_cat-vinos-tintos","8":"pa_bodega-luis-canas","9":"pa_zona-vinicola-d-o-c-rioja","11":"first","12":"instock","13":"taxable","14":"shipping-taxable","15":"purchasable","16":"product-type-simple"},"_links":{"self":[{"href":"https:\/\/www.mr-vin.com\/en\/wp-json\/wp\/v2\/product\/7223","targetHints":{"allow":["GET"]}}],"collection":[{"href":"https:\/\/www.mr-vin.com\/en\/wp-json\/wp\/v2\/product"}],"about":[{"href":"https:\/\/www.mr-vin.com\/en\/wp-json\/wp\/v2\/types\/product"}],"wp:featuredmedia":[{"embeddable":true,"href":"https:\/\/www.mr-vin.com\/en\/wp-json\/wp\/v2\/media\/7224"}],"wp:attachment":[{"href":"https:\/\/www.mr-vin.com\/en\/wp-json\/wp\/v2\/media?parent=7223"}],"wp:term":[{"taxonomy":"product_brand","embeddable":true,"href":"https:\/\/www.mr-vin.com\/en\/wp-json\/wp\/v2\/product_brand?post=7223"},{"taxonomy":"product_cat","embeddable":true,"href":"https:\/\/www.mr-vin.com\/en\/wp-json\/wp\/v2\/product_cat?post=7223"},{"taxonomy":"product_tag","embeddable":true,"href":"https:\/\/www.mr-vin.com\/en\/wp-json\/wp\/v2\/product_tag?post=7223"}],"curies":[{"name":"wp","href":"https:\/\/api.w.org\/{rel}","templated":true}]}}