{"id":7211,"date":"2023-06-29T18:03:38","date_gmt":"2023-06-29T16:03:38","guid":{"rendered":"https:\/\/www.mr-vin.com\/?post_type=product&#038;p=7211"},"modified":"2024-05-30T12:57:11","modified_gmt":"2024-05-30T10:57:11","slug":"el-pacto-valdechuecas","status":"publish","type":"product","link":"https:\/\/www.mr-vin.com\/en\/product\/el-pacto-valdechuecas\/","title":{"rendered":"El pacto Valdechuecas"},"content":{"rendered":"<p>El Pacto Valdechuecas es la esencia de la <strong>Garnacha tinta<\/strong> m\u00e1s fresca de Rioja sobre las ra\u00edces de vides centenarias.<\/p>\n<p>La fermentaci\u00f3n se lleva a cabo en un dep\u00f3sito de hormig\u00f3n de 5.000 litros de capacidad, suficiente para toda la producci\u00f3n del vi\u00f1edo.<\/p>\n","protected":false},"excerpt":{"rendered":"<p>El Pacto Valdechuecas es la esencia de la Garnacha tinta m\u00e1s fresca de Rioja sobre las ra\u00edces de vides centenarias.\u2026<\/p>\n","protected":false},"featured_media":8281,"template":"","meta":{"inline_featured_image":false,"_monsterinsights_skip_tracking":false,"_monsterinsights_sitenote_active":false,"_monsterinsights_sitenote_note":"","_monsterinsights_sitenote_category":0},"product_brand":[],"product_cat":[792,77],"product_tag":[],"class_list":{"0":"post-7211","1":"product","2":"type-product","3":"status-publish","4":"has-post-thumbnail","6":"product_cat-novedades","7":"product_cat-vinos-tintos","8":"pa_bodega-vintae","9":"pa_zona-vinicola-d-o-c-rioja","11":"first","12":"instock","13":"taxable","14":"shipping-taxable","15":"purchasable","16":"product-type-simple"},"_links":{"self":[{"href":"https:\/\/www.mr-vin.com\/en\/wp-json\/wp\/v2\/product\/7211","targetHints":{"allow":["GET"]}}],"collection":[{"href":"https:\/\/www.mr-vin.com\/en\/wp-json\/wp\/v2\/product"}],"about":[{"href":"https:\/\/www.mr-vin.com\/en\/wp-json\/wp\/v2\/types\/product"}],"wp:featuredmedia":[{"embeddable":true,"href":"https:\/\/www.mr-vin.com\/en\/wp-json\/wp\/v2\/media\/8281"}],"wp:attachment":[{"href":"https:\/\/www.mr-vin.com\/en\/wp-json\/wp\/v2\/media?parent=7211"}],"wp:term":[{"taxonomy":"product_brand","embeddable":true,"href":"https:\/\/www.mr-vin.com\/en\/wp-json\/wp\/v2\/product_brand?post=7211"},{"taxonomy":"product_cat","embeddable":true,"href":"https:\/\/www.mr-vin.com\/en\/wp-json\/wp\/v2\/product_cat?post=7211"},{"taxonomy":"product_tag","embeddable":true,"href":"https:\/\/www.mr-vin.com\/en\/wp-json\/wp\/v2\/product_tag?post=7211"}],"curies":[{"name":"wp","href":"https:\/\/api.w.org\/{rel}","templated":true}]}}