{"id":7172,"date":"2022-08-23T18:50:32","date_gmt":"2022-08-23T16:50:32","guid":{"rendered":"https:\/\/www.mr-vin.com\/?post_type=product&#038;p=7172"},"modified":"2024-05-30T12:57:10","modified_gmt":"2024-05-30T10:57:10","slug":"billecart-salmon-brut-rose","status":"publish","type":"product","link":"https:\/\/www.mr-vin.com\/en\/product\/billecart-salmon-brut-rose\/","title":{"rendered":"Billecart-Salmon Brut Ros\u00e9"},"content":{"rendered":"<p>Billecart-Salmon es una de las bodegas con m\u00e1s tradici\u00f3n del la Champa\u00f1a, y una de las pocas que todav\u00eda permanece en manos de la familia de los fundadores.<\/p>\n<p>Este cava rosado es un trago fresco y lleno de alegr\u00eda, sus finas burbujas lentas y persistentes dan al vino una elegancia y frescura que nos alegran en esos d\u00edas tristes. Tambi\u00e9n resulta ideal para celebrar cualquier evento al que se quiera dotar de un toque de distinci\u00f3n.<\/p>\n","protected":false},"excerpt":{"rendered":"<p>Billecart-Salmon es una de las bodegas con m\u00e1s tradici\u00f3n del la Champa\u00f1a, y una de las pocas que todav\u00eda permanece\u2026<\/p>\n","protected":false},"featured_media":7173,"template":"","meta":{"inline_featured_image":false,"_monsterinsights_skip_tracking":false,"_monsterinsights_sitenote_active":false,"_monsterinsights_sitenote_note":"","_monsterinsights_sitenote_category":0},"product_brand":[],"product_cat":[277,792],"product_tag":[],"class_list":{"0":"post-7172","1":"product","2":"type-product","3":"status-publish","4":"has-post-thumbnail","6":"product_cat-espumosos","7":"product_cat-novedades","8":"pa_bodega-billecart-salmon","9":"pa_zona-vinicola-champagne","11":"first","12":"instock","13":"taxable","14":"shipping-taxable","15":"purchasable","16":"product-type-simple"},"_links":{"self":[{"href":"https:\/\/www.mr-vin.com\/en\/wp-json\/wp\/v2\/product\/7172","targetHints":{"allow":["GET"]}}],"collection":[{"href":"https:\/\/www.mr-vin.com\/en\/wp-json\/wp\/v2\/product"}],"about":[{"href":"https:\/\/www.mr-vin.com\/en\/wp-json\/wp\/v2\/types\/product"}],"wp:featuredmedia":[{"embeddable":true,"href":"https:\/\/www.mr-vin.com\/en\/wp-json\/wp\/v2\/media\/7173"}],"wp:attachment":[{"href":"https:\/\/www.mr-vin.com\/en\/wp-json\/wp\/v2\/media?parent=7172"}],"wp:term":[{"taxonomy":"product_brand","embeddable":true,"href":"https:\/\/www.mr-vin.com\/en\/wp-json\/wp\/v2\/product_brand?post=7172"},{"taxonomy":"product_cat","embeddable":true,"href":"https:\/\/www.mr-vin.com\/en\/wp-json\/wp\/v2\/product_cat?post=7172"},{"taxonomy":"product_tag","embeddable":true,"href":"https:\/\/www.mr-vin.com\/en\/wp-json\/wp\/v2\/product_tag?post=7172"}],"curies":[{"name":"wp","href":"https:\/\/api.w.org\/{rel}","templated":true}]}}