{"id":7169,"date":"2022-08-23T17:58:21","date_gmt":"2022-08-23T15:58:21","guid":{"rendered":"https:\/\/www.mr-vin.com\/?post_type=product&#038;p=7169"},"modified":"2025-04-30T19:45:22","modified_gmt":"2025-04-30T17:45:22","slug":"clea-verdejo","status":"publish","type":"product","link":"https:\/\/www.mr-vin.com\/en\/product\/clea-verdejo\/","title":{"rendered":"Clea verdejo"},"content":{"rendered":"<div id=\"description\" class=\"data item content\" role=\"tabpanel\" data-role=\"content\" aria-labelledby=\"tab-label-description\" aria-hidden=\"false\">\n<div class=\"product attribute description\">\n<div class=\"value\">\n<p>Clea Verdejo es la prueba de que la ilusi\u00f3n y el mimo en la vi\u00f1a permiten fant\u00e1sticos resultados. Un vi\u00f1edo de m\u00e1s de 20 a\u00f1os ensalzado por una<strong> crianza sobre l\u00edas de al menos 4 meses<\/strong> para otorgarle densidad y volumen. Una nariz t\u00edpica de verdejo, de hierba e hinojo y toques c\u00edtricos, da paso a una boca amplia y persistente, con una acidez equilibrada.<\/p>\n<p>Clea Verdejo conjuga fruta y flor, mineralidad y frescura para dejar un recuerdo fragante que invita a brindar por el sol y la vida.<\/p>\n<\/div>\n<\/div>\n<\/div>\n","protected":false},"excerpt":{"rendered":"<p>Clea Verdejo es la prueba de que la ilusi\u00f3n y el mimo en la vi\u00f1a permiten fant\u00e1sticos resultados. Un vi\u00f1edo\u2026<\/p>\n","protected":false},"featured_media":7170,"template":"","meta":{"inline_featured_image":false,"_monsterinsights_skip_tracking":false,"_monsterinsights_sitenote_active":false,"_monsterinsights_sitenote_note":"","_monsterinsights_sitenote_category":0},"product_brand":[],"product_cat":[792,79],"product_tag":[],"class_list":{"0":"post-7169","1":"product","2":"type-product","3":"status-publish","4":"has-post-thumbnail","6":"product_cat-novedades","7":"product_cat-vinos-blancos","8":"pa_bodega-bardos","9":"pa_zona-vinicola-d-o-rueda","11":"first","12":"instock","13":"taxable","14":"shipping-taxable","15":"purchasable","16":"product-type-simple"},"_links":{"self":[{"href":"https:\/\/www.mr-vin.com\/en\/wp-json\/wp\/v2\/product\/7169","targetHints":{"allow":["GET"]}}],"collection":[{"href":"https:\/\/www.mr-vin.com\/en\/wp-json\/wp\/v2\/product"}],"about":[{"href":"https:\/\/www.mr-vin.com\/en\/wp-json\/wp\/v2\/types\/product"}],"wp:featuredmedia":[{"embeddable":true,"href":"https:\/\/www.mr-vin.com\/en\/wp-json\/wp\/v2\/media\/7170"}],"wp:attachment":[{"href":"https:\/\/www.mr-vin.com\/en\/wp-json\/wp\/v2\/media?parent=7169"}],"wp:term":[{"taxonomy":"product_brand","embeddable":true,"href":"https:\/\/www.mr-vin.com\/en\/wp-json\/wp\/v2\/product_brand?post=7169"},{"taxonomy":"product_cat","embeddable":true,"href":"https:\/\/www.mr-vin.com\/en\/wp-json\/wp\/v2\/product_cat?post=7169"},{"taxonomy":"product_tag","embeddable":true,"href":"https:\/\/www.mr-vin.com\/en\/wp-json\/wp\/v2\/product_tag?post=7169"}],"curies":[{"name":"wp","href":"https:\/\/api.w.org\/{rel}","templated":true}]}}