{"id":7161,"date":"2022-08-22T13:05:54","date_gmt":"2022-08-22T11:05:54","guid":{"rendered":"https:\/\/www.mr-vin.com\/?post_type=product&#038;p=7161"},"modified":"2025-01-12T02:07:16","modified_gmt":"2025-01-12T00:07:16","slug":"oveja-naranja","status":"publish","type":"product","link":"https:\/\/www.mr-vin.com\/en\/product\/oveja-naranja\/","title":{"rendered":"Oveja naranja"},"content":{"rendered":"<p>Este <strong>orange wine<\/strong> se elabora gracias a un coupage de variedades arom\u00e1ticas procedentes de vi\u00f1edos trabajados en ecol\u00f3gico. Esta tipolog\u00eda de vinos se caracteriza por una maceraci\u00f3n con pieles, que en este caso se lleva a casi durante 106 d\u00edas. Un vino muy gastron\u00f3mico que destaca por sus aromas de hierba mediterr\u00e1nea y su frescura.<\/p>\n<p><strong>Variedad<\/strong> Gew\u00fcrztraminer y Moscatel.<\/p>\n","protected":false},"excerpt":{"rendered":"<p>Este orange wine se elabora gracias a un coupage de variedades arom\u00e1ticas procedentes de vi\u00f1edos trabajados en ecol\u00f3gico. Esta tipolog\u00eda\u2026<\/p>\n","protected":false},"featured_media":7162,"template":"","meta":{"inline_featured_image":false,"_monsterinsights_skip_tracking":false,"_monsterinsights_sitenote_active":false,"_monsterinsights_sitenote_note":"","_monsterinsights_sitenote_category":0},"product_brand":[],"product_cat":[792,79],"product_tag":[],"class_list":{"0":"post-7161","1":"product","2":"type-product","3":"status-publish","4":"has-post-thumbnail","6":"product_cat-novedades","7":"product_cat-vinos-blancos","8":"pa_bodega-peninsula-vinicultores","9":"pa_zona-vinicola-cuenca","11":"first","12":"instock","13":"taxable","14":"shipping-taxable","15":"purchasable","16":"product-type-simple"},"_links":{"self":[{"href":"https:\/\/www.mr-vin.com\/en\/wp-json\/wp\/v2\/product\/7161","targetHints":{"allow":["GET"]}}],"collection":[{"href":"https:\/\/www.mr-vin.com\/en\/wp-json\/wp\/v2\/product"}],"about":[{"href":"https:\/\/www.mr-vin.com\/en\/wp-json\/wp\/v2\/types\/product"}],"wp:featuredmedia":[{"embeddable":true,"href":"https:\/\/www.mr-vin.com\/en\/wp-json\/wp\/v2\/media\/7162"}],"wp:attachment":[{"href":"https:\/\/www.mr-vin.com\/en\/wp-json\/wp\/v2\/media?parent=7161"}],"wp:term":[{"taxonomy":"product_brand","embeddable":true,"href":"https:\/\/www.mr-vin.com\/en\/wp-json\/wp\/v2\/product_brand?post=7161"},{"taxonomy":"product_cat","embeddable":true,"href":"https:\/\/www.mr-vin.com\/en\/wp-json\/wp\/v2\/product_cat?post=7161"},{"taxonomy":"product_tag","embeddable":true,"href":"https:\/\/www.mr-vin.com\/en\/wp-json\/wp\/v2\/product_tag?post=7161"}],"curies":[{"name":"wp","href":"https:\/\/api.w.org\/{rel}","templated":true}]}}