{"id":7030,"date":"2022-08-12T13:22:24","date_gmt":"2022-08-12T11:22:24","guid":{"rendered":"https:\/\/www.mr-vin.com\/?post_type=product&#038;p=7030"},"modified":"2025-12-20T12:38:32","modified_gmt":"2025-12-20T10:38:32","slug":"tequila-volcan-de-mi-tierra-blanco","status":"publish","type":"product","link":"https:\/\/www.mr-vin.com\/en\/product\/tequila-volcan-de-mi-tierra-blanco\/","title":{"rendered":"Tequila Volc\u00e1n de mi Tierra blanco"},"content":{"rendered":"<p>Una expresi\u00f3n de nuestro terroir, el tequila blanco mezcla sus notas de hierbas, delicados destellos c\u00edtricos y especias como notas indicativas de la zona de Valles y notas frutales de cereza, pera y durazno de la zona de los Altos.<\/p>\n<p>Posee tonos brillantes, claros y plateados.<\/p>\n","protected":false},"excerpt":{"rendered":"<p>Una expresi\u00f3n de nuestro terroir, el tequila blanco mezcla sus notas de hierbas, delicados destellos c\u00edtricos y especias como notas\u2026<\/p>\n","protected":false},"featured_media":7031,"template":"","meta":{"inline_featured_image":false,"_monsterinsights_skip_tracking":false,"_monsterinsights_sitenote_active":false,"_monsterinsights_sitenote_note":"","_monsterinsights_sitenote_category":0},"product_brand":[],"product_cat":[632,792],"product_tag":[],"class_list":{"0":"post-7030","1":"product","2":"type-product","3":"status-publish","4":"has-post-thumbnail","6":"product_cat-destilados","7":"product_cat-novedades","8":"pa_bodega-volcan-de-mi-tierra","9":"pa_zona-vinicola-huaxtla-el-arenal","11":"first","12":"instock","13":"taxable","14":"shipping-taxable","15":"purchasable","16":"product-type-simple"},"_links":{"self":[{"href":"https:\/\/www.mr-vin.com\/en\/wp-json\/wp\/v2\/product\/7030","targetHints":{"allow":["GET"]}}],"collection":[{"href":"https:\/\/www.mr-vin.com\/en\/wp-json\/wp\/v2\/product"}],"about":[{"href":"https:\/\/www.mr-vin.com\/en\/wp-json\/wp\/v2\/types\/product"}],"wp:featuredmedia":[{"embeddable":true,"href":"https:\/\/www.mr-vin.com\/en\/wp-json\/wp\/v2\/media\/7031"}],"wp:attachment":[{"href":"https:\/\/www.mr-vin.com\/en\/wp-json\/wp\/v2\/media?parent=7030"}],"wp:term":[{"taxonomy":"product_brand","embeddable":true,"href":"https:\/\/www.mr-vin.com\/en\/wp-json\/wp\/v2\/product_brand?post=7030"},{"taxonomy":"product_cat","embeddable":true,"href":"https:\/\/www.mr-vin.com\/en\/wp-json\/wp\/v2\/product_cat?post=7030"},{"taxonomy":"product_tag","embeddable":true,"href":"https:\/\/www.mr-vin.com\/en\/wp-json\/wp\/v2\/product_tag?post=7030"}],"curies":[{"name":"wp","href":"https:\/\/api.w.org\/{rel}","templated":true}]}}