{"id":7027,"date":"2022-08-12T12:56:31","date_gmt":"2022-08-12T10:56:31","guid":{"rendered":"https:\/\/www.mr-vin.com\/?post_type=product&#038;p=7027"},"modified":"2024-05-30T12:57:09","modified_gmt":"2024-05-30T10:57:09","slug":"tequila-volcan-de-mi-tierra-anejo-cristalino","status":"publish","type":"product","link":"https:\/\/www.mr-vin.com\/en\/product\/tequila-volcan-de-mi-tierra-anejo-cristalino\/","title":{"rendered":"Tequila Volc\u00e1n de mi Tierra A\u00f1ejo Cristalino"},"content":{"rendered":"<p><strong>Volc\u00e1n de mi Tierra A\u00f1ejo Cristalino<\/strong>, es un blend de tequila a\u00f1ejo y extra a\u00f1ejo con maduraci\u00f3n en barricas de roble americano. (A\u00f1ejo: 1 a\u00f1o en barrica \/ Extra a\u00f1ejo: 3 a\u00f1os en barrica). Ambos l\u00edquidos pasan por un proceso de clarificaci\u00f3n con carb\u00f3n activo, que elimina el color del a\u00f1ejamiento, dejando un leve tono pajizo.<\/p>\n<p>Una fusi\u00f3n de aromas: agave cocido, tabaco, frutas secas, chocolate y vainilla se unen para formar el estilo \u00fanico y elegante, indicativo de nuestro tequila a\u00f1ejo cristalino.<\/p>\n","protected":false},"excerpt":{"rendered":"<p>Volc\u00e1n de mi Tierra A\u00f1ejo Cristalino, es un blend de tequila a\u00f1ejo y extra a\u00f1ejo con maduraci\u00f3n en barricas de\u2026<\/p>\n","protected":false},"featured_media":7028,"template":"","meta":{"inline_featured_image":false,"_monsterinsights_skip_tracking":false,"_monsterinsights_sitenote_active":false,"_monsterinsights_sitenote_note":"","_monsterinsights_sitenote_category":0},"product_brand":[],"product_cat":[632,792],"product_tag":[],"class_list":{"0":"post-7027","1":"product","2":"type-product","3":"status-publish","4":"has-post-thumbnail","6":"product_cat-destilados","7":"product_cat-novedades","8":"pa_bodega-volcan-de-mi-tierra","9":"pa_zona-vinicola-jalisco","11":"first","12":"instock","13":"taxable","14":"shipping-taxable","15":"purchasable","16":"product-type-simple"},"_links":{"self":[{"href":"https:\/\/www.mr-vin.com\/en\/wp-json\/wp\/v2\/product\/7027","targetHints":{"allow":["GET"]}}],"collection":[{"href":"https:\/\/www.mr-vin.com\/en\/wp-json\/wp\/v2\/product"}],"about":[{"href":"https:\/\/www.mr-vin.com\/en\/wp-json\/wp\/v2\/types\/product"}],"wp:featuredmedia":[{"embeddable":true,"href":"https:\/\/www.mr-vin.com\/en\/wp-json\/wp\/v2\/media\/7028"}],"wp:attachment":[{"href":"https:\/\/www.mr-vin.com\/en\/wp-json\/wp\/v2\/media?parent=7027"}],"wp:term":[{"taxonomy":"product_brand","embeddable":true,"href":"https:\/\/www.mr-vin.com\/en\/wp-json\/wp\/v2\/product_brand?post=7027"},{"taxonomy":"product_cat","embeddable":true,"href":"https:\/\/www.mr-vin.com\/en\/wp-json\/wp\/v2\/product_cat?post=7027"},{"taxonomy":"product_tag","embeddable":true,"href":"https:\/\/www.mr-vin.com\/en\/wp-json\/wp\/v2\/product_tag?post=7027"}],"curies":[{"name":"wp","href":"https:\/\/api.w.org\/{rel}","templated":true}]}}