{"id":7006,"date":"2022-08-11T12:29:52","date_gmt":"2022-08-11T10:29:52","guid":{"rendered":"https:\/\/www.mr-vin.com\/?post_type=product&#038;p=7006"},"modified":"2024-05-30T12:57:09","modified_gmt":"2024-05-30T10:57:09","slug":"gosset-grande-reserve","status":"publish","type":"product","link":"https:\/\/www.mr-vin.com\/en\/product\/gosset-grande-reserve\/","title":{"rendered":"Gosset Grande R\u00e9serve"},"content":{"rendered":"<p><strong>Gosset Grande R\u00e9serve<\/strong> es un champ\u00e1n seco (8g\/L de az\u00facar). En nariz es expresivo y concentrado, con notas a flores (el jacinto, el iris, las hierbas, flores de tilo, manzanilla), cera de abeja, pasteler\u00eda fresca y frutas amarillas (melocot\u00f3n y ciruela Mirabel). En boca es envolvente y refrescante, con una fuerte tensi\u00f3n mineral, y con estructura. Entre sus caracter\u00edsticas notas \u00e1cidas destacan el espino, la flor blanca y los c\u00edtricos.<\/p>\n","protected":false},"excerpt":{"rendered":"<p>Gosset Grande R\u00e9serve es un champ\u00e1n seco (8g\/L de az\u00facar). En nariz es expresivo y concentrado, con notas a flores\u2026<\/p>\n","protected":false},"featured_media":7010,"template":"","meta":{"inline_featured_image":false,"_monsterinsights_skip_tracking":false,"_monsterinsights_sitenote_active":false,"_monsterinsights_sitenote_note":"","_monsterinsights_sitenote_category":0},"product_brand":[],"product_cat":[277,792],"product_tag":[],"class_list":{"0":"post-7006","1":"product","2":"type-product","3":"status-publish","4":"has-post-thumbnail","6":"product_cat-espumosos","7":"product_cat-novedades","8":"pa_bodega-gosset","9":"pa_zona-vinicola-champagne","11":"first","12":"instock","13":"taxable","14":"shipping-taxable","15":"purchasable","16":"product-type-simple"},"_links":{"self":[{"href":"https:\/\/www.mr-vin.com\/en\/wp-json\/wp\/v2\/product\/7006","targetHints":{"allow":["GET"]}}],"collection":[{"href":"https:\/\/www.mr-vin.com\/en\/wp-json\/wp\/v2\/product"}],"about":[{"href":"https:\/\/www.mr-vin.com\/en\/wp-json\/wp\/v2\/types\/product"}],"wp:featuredmedia":[{"embeddable":true,"href":"https:\/\/www.mr-vin.com\/en\/wp-json\/wp\/v2\/media\/7010"}],"wp:attachment":[{"href":"https:\/\/www.mr-vin.com\/en\/wp-json\/wp\/v2\/media?parent=7006"}],"wp:term":[{"taxonomy":"product_brand","embeddable":true,"href":"https:\/\/www.mr-vin.com\/en\/wp-json\/wp\/v2\/product_brand?post=7006"},{"taxonomy":"product_cat","embeddable":true,"href":"https:\/\/www.mr-vin.com\/en\/wp-json\/wp\/v2\/product_cat?post=7006"},{"taxonomy":"product_tag","embeddable":true,"href":"https:\/\/www.mr-vin.com\/en\/wp-json\/wp\/v2\/product_tag?post=7006"}],"curies":[{"name":"wp","href":"https:\/\/api.w.org\/{rel}","templated":true}]}}