{"id":6971,"date":"2022-08-03T11:30:23","date_gmt":"2022-08-03T09:30:23","guid":{"rendered":"https:\/\/www.mr-vin.com\/?post_type=product&#038;p=6971"},"modified":"2024-05-30T12:57:08","modified_gmt":"2024-05-30T10:57:08","slug":"chandon-garden-spritz","status":"publish","type":"product","link":"https:\/\/www.mr-vin.com\/en\/product\/chandon-garden-spritz\/","title":{"rendered":"Chandon Garden Spritz"},"content":{"rendered":"<p>Un espumoso que es el equilibrio perfecto entre dulzor y amargor, y encima no se le a\u00f1aden ni\u00a0aromas ni colorantes. Este vino <strong>se elabora en Mendoza, Argentina <\/strong>siguiendo la idea que en los a\u00f1os 50, <strong>Robert Jean de Vog\u00fc\u00e9<\/strong>, presidente de Mo\u00ebt &amp; Chandon, pens\u00f3: producir\u00a0bajo la marca Chandon\u00a0espumosos de alta gama fuera de la regi\u00f3n de Champagne.<\/p>\n<p>Chandon Garden Spritz es un espumoso cr\u00e9mant de una cuidada maceraci\u00f3n: c\u00e1scaras de naranja que han sido maceradas a su vez en brandy de uva, hierbas arom\u00e1ticas de Argentina y Brasil, y especias de la India, Centroamerica y Madagascar que le aportan un contrapunto c\u00e1lido y amaderado.<\/p>\n<p><em>Comida asi\u00e1tica picante, &#8216;sushi&#8217;, &#8216;sashimi&#8217;, queso cheddar viejo, frutas ex\u00f3ticas secas y frutos secos.<\/em><\/p>\n<p>&nbsp;<\/p>\n<p>&nbsp;<\/p>\n","protected":false},"excerpt":{"rendered":"<p>Un espumoso que es el equilibrio perfecto entre dulzor y amargor, y encima no se le a\u00f1aden ni\u00a0aromas ni colorantes.\u2026<\/p>\n","protected":false},"featured_media":6972,"template":"","meta":{"inline_featured_image":false,"_monsterinsights_skip_tracking":false,"_monsterinsights_sitenote_active":false,"_monsterinsights_sitenote_note":"","_monsterinsights_sitenote_category":0},"product_brand":[],"product_cat":[277,792],"product_tag":[],"class_list":{"0":"post-6971","1":"product","2":"type-product","3":"status-publish","4":"has-post-thumbnail","6":"product_cat-espumosos","7":"product_cat-novedades","8":"pa_bodega-chandon-mendoza","9":"pa_zona-vinicola-mendoza","11":"first","12":"instock","13":"taxable","14":"shipping-taxable","15":"purchasable","16":"product-type-simple"},"_links":{"self":[{"href":"https:\/\/www.mr-vin.com\/en\/wp-json\/wp\/v2\/product\/6971","targetHints":{"allow":["GET"]}}],"collection":[{"href":"https:\/\/www.mr-vin.com\/en\/wp-json\/wp\/v2\/product"}],"about":[{"href":"https:\/\/www.mr-vin.com\/en\/wp-json\/wp\/v2\/types\/product"}],"wp:featuredmedia":[{"embeddable":true,"href":"https:\/\/www.mr-vin.com\/en\/wp-json\/wp\/v2\/media\/6972"}],"wp:attachment":[{"href":"https:\/\/www.mr-vin.com\/en\/wp-json\/wp\/v2\/media?parent=6971"}],"wp:term":[{"taxonomy":"product_brand","embeddable":true,"href":"https:\/\/www.mr-vin.com\/en\/wp-json\/wp\/v2\/product_brand?post=6971"},{"taxonomy":"product_cat","embeddable":true,"href":"https:\/\/www.mr-vin.com\/en\/wp-json\/wp\/v2\/product_cat?post=6971"},{"taxonomy":"product_tag","embeddable":true,"href":"https:\/\/www.mr-vin.com\/en\/wp-json\/wp\/v2\/product_tag?post=6971"}],"curies":[{"name":"wp","href":"https:\/\/api.w.org\/{rel}","templated":true}]}}