{"id":6955,"date":"2022-07-27T18:44:26","date_gmt":"2022-07-27T16:44:26","guid":{"rendered":"https:\/\/www.mr-vin.com\/?post_type=product&#038;p=6955"},"modified":"2024-05-30T12:57:08","modified_gmt":"2024-05-30T10:57:08","slug":"chateau-la-mascaronne-rose","status":"publish","type":"product","link":"https:\/\/www.mr-vin.com\/en\/product\/chateau-la-mascaronne-rose\/","title":{"rendered":"Ch\u00e2teau La Mascaronne Ros\u00e9"},"content":{"rendered":"<p>Ch\u00e2teau La Mascaronne Ros\u00e9 es un rosado provenzal excepcionalmente fresco, equilibrado y org\u00e1nico que expresa todas las cualidades del terru\u00f1o del que se produce.<\/p>\n<p>El coupage de este rosado se compone de uvas garnacha(35%), cinsault(35%), syrah(20%) y vermentino(10%), variedades t\u00edpicas de Provenza, que se cosechan en su punto m\u00e1ximo de madurez.<\/p>\n","protected":false},"excerpt":{"rendered":"<p>Ch\u00e2teau La Mascaronne Ros\u00e9 es un rosado provenzal excepcionalmente fresco, equilibrado y org\u00e1nico que expresa todas las cualidades del terru\u00f1o\u2026<\/p>\n","protected":false},"featured_media":6960,"template":"","meta":{"inline_featured_image":false,"_monsterinsights_skip_tracking":false,"_monsterinsights_sitenote_active":false,"_monsterinsights_sitenote_note":"","_monsterinsights_sitenote_category":0},"product_brand":[],"product_cat":[792,840,80],"product_tag":[],"class_list":{"0":"post-6955","1":"product","2":"type-product","3":"status-publish","4":"has-post-thumbnail","6":"product_cat-novedades","7":"product_cat-rose-summer","8":"product_cat-vinos-rosados","9":"pa_bodega-chateau-la-mascaronne","10":"pa_zona-vinicola-cotes-de-provence","12":"first","13":"instock","14":"taxable","15":"shipping-taxable","16":"purchasable","17":"product-type-simple"},"_links":{"self":[{"href":"https:\/\/www.mr-vin.com\/en\/wp-json\/wp\/v2\/product\/6955","targetHints":{"allow":["GET"]}}],"collection":[{"href":"https:\/\/www.mr-vin.com\/en\/wp-json\/wp\/v2\/product"}],"about":[{"href":"https:\/\/www.mr-vin.com\/en\/wp-json\/wp\/v2\/types\/product"}],"wp:featuredmedia":[{"embeddable":true,"href":"https:\/\/www.mr-vin.com\/en\/wp-json\/wp\/v2\/media\/6960"}],"wp:attachment":[{"href":"https:\/\/www.mr-vin.com\/en\/wp-json\/wp\/v2\/media?parent=6955"}],"wp:term":[{"taxonomy":"product_brand","embeddable":true,"href":"https:\/\/www.mr-vin.com\/en\/wp-json\/wp\/v2\/product_brand?post=6955"},{"taxonomy":"product_cat","embeddable":true,"href":"https:\/\/www.mr-vin.com\/en\/wp-json\/wp\/v2\/product_cat?post=6955"},{"taxonomy":"product_tag","embeddable":true,"href":"https:\/\/www.mr-vin.com\/en\/wp-json\/wp\/v2\/product_tag?post=6955"}],"curies":[{"name":"wp","href":"https:\/\/api.w.org\/{rel}","templated":true}]}}