{"id":6933,"date":"2022-07-21T12:02:54","date_gmt":"2022-07-21T10:02:54","guid":{"rendered":"https:\/\/www.mr-vin.com\/?post_type=product&#038;p=6933"},"modified":"2024-05-30T12:57:08","modified_gmt":"2024-05-30T10:57:08","slug":"bienbebido-come-pulpo","status":"publish","type":"product","link":"https:\/\/www.mr-vin.com\/en\/product\/bienbebido-come-pulpo\/","title":{"rendered":"Bienbebido come pulpo Albari\u00f1o"},"content":{"rendered":"<p>La colecci\u00f3n Bienbebido es el resultado de un desaf\u00edo: encontrar el vino perfecto para tomar con diferentes platos. Para lograrlo, se organiz\u00f3 una reuni\u00f3n de amigos en la que experimentar con distintas variedades y coupages. En\u00f3logos, sumilleres, chefs y apasionados del mundo del vino cataron y degustaron para definir el perfecto acompa\u00f1ante para el pulpo.<\/p>\n<p><em>Fermentaci\u00f3n en dep\u00f3sito de acero inoxidable a baja temperatura. Crianza sobre l\u00edas finas durante 4 meses en el mismo dep\u00f3sito donde realiz\u00f3 una fermentaci\u00f3n malol\u00e1ctica parcial.<\/em><\/p>\n<p>100% Albari\u00f1o.<\/p>\n","protected":false},"excerpt":{"rendered":"<p>La colecci\u00f3n Bienbebido es el resultado de un desaf\u00edo: encontrar el vino perfecto para tomar con diferentes platos. Para lograrlo,\u2026<\/p>\n","protected":false},"featured_media":6934,"template":"","meta":{"inline_featured_image":false,"_monsterinsights_skip_tracking":false,"_monsterinsights_sitenote_active":false,"_monsterinsights_sitenote_note":"","_monsterinsights_sitenote_category":0},"product_brand":[],"product_cat":[792,79],"product_tag":[],"class_list":{"0":"post-6933","1":"product","2":"type-product","3":"status-publish","4":"has-post-thumbnail","6":"product_cat-novedades","7":"product_cat-vinos-blancos","8":"pa_bodega-democratic-wines","9":"pa_zona-vinicola-vino-de-espana","11":"first","12":"instock","13":"taxable","14":"shipping-taxable","15":"purchasable","16":"product-type-simple"},"_links":{"self":[{"href":"https:\/\/www.mr-vin.com\/en\/wp-json\/wp\/v2\/product\/6933","targetHints":{"allow":["GET"]}}],"collection":[{"href":"https:\/\/www.mr-vin.com\/en\/wp-json\/wp\/v2\/product"}],"about":[{"href":"https:\/\/www.mr-vin.com\/en\/wp-json\/wp\/v2\/types\/product"}],"wp:featuredmedia":[{"embeddable":true,"href":"https:\/\/www.mr-vin.com\/en\/wp-json\/wp\/v2\/media\/6934"}],"wp:attachment":[{"href":"https:\/\/www.mr-vin.com\/en\/wp-json\/wp\/v2\/media?parent=6933"}],"wp:term":[{"taxonomy":"product_brand","embeddable":true,"href":"https:\/\/www.mr-vin.com\/en\/wp-json\/wp\/v2\/product_brand?post=6933"},{"taxonomy":"product_cat","embeddable":true,"href":"https:\/\/www.mr-vin.com\/en\/wp-json\/wp\/v2\/product_cat?post=6933"},{"taxonomy":"product_tag","embeddable":true,"href":"https:\/\/www.mr-vin.com\/en\/wp-json\/wp\/v2\/product_tag?post=6933"}],"curies":[{"name":"wp","href":"https:\/\/api.w.org\/{rel}","templated":true}]}}