{"id":6927,"date":"2022-07-20T13:07:55","date_gmt":"2022-07-20T11:07:55","guid":{"rendered":"https:\/\/www.mr-vin.com\/?post_type=product&#038;p=6927"},"modified":"2025-01-15T11:54:10","modified_gmt":"2025-01-15T09:54:10","slug":"pazo-de-monterrey-godello","status":"publish","type":"product","link":"https:\/\/www.mr-vin.com\/en\/product\/pazo-de-monterrey-godello\/","title":{"rendered":"Pazo de Monterrey Godello"},"content":{"rendered":"<p>Este vino, elaborado por la en\u00f3loga Susana P\u00e9rez, recoge la esencia de lo mediterr\u00e1neo y lo atl\u00e1ntico en el Valle de Ver\u00edn. La selecci\u00f3n de vi\u00f1edos y de uva da lugar al <strong>buen equilibrio entre maduraci\u00f3n y acidez<\/strong>. El resultado es un <strong>vino fresco, afrutado y elegante<\/strong>, que expresa el <em>terroir<\/em> de una zona muy peculiar dentro del panorama vin\u00edcola gallego.<\/p>\n<p><em>Tras la fermentaci\u00f3n se realiza una crianza parcial sobre l\u00edas.\u00a0<\/em><\/p>\n","protected":false},"excerpt":{"rendered":"<p>Este vino, elaborado por la en\u00f3loga Susana P\u00e9rez, recoge la esencia de lo mediterr\u00e1neo y lo atl\u00e1ntico en el Valle\u2026<\/p>\n","protected":false},"featured_media":6928,"template":"","meta":{"inline_featured_image":false,"_monsterinsights_skip_tracking":false,"_monsterinsights_sitenote_active":false,"_monsterinsights_sitenote_note":"","_monsterinsights_sitenote_category":0},"product_brand":[],"product_cat":[792,79],"product_tag":[],"class_list":{"0":"post-6927","1":"product","2":"type-product","3":"status-publish","4":"has-post-thumbnail","6":"product_cat-novedades","7":"product_cat-vinos-blancos","8":"pa_bodega-pazos-del-rey","9":"pa_zona-vinicola-d-o-monterrei","11":"first","12":"outofstock","13":"taxable","14":"shipping-taxable","15":"purchasable","16":"product-type-simple"},"_links":{"self":[{"href":"https:\/\/www.mr-vin.com\/en\/wp-json\/wp\/v2\/product\/6927","targetHints":{"allow":["GET"]}}],"collection":[{"href":"https:\/\/www.mr-vin.com\/en\/wp-json\/wp\/v2\/product"}],"about":[{"href":"https:\/\/www.mr-vin.com\/en\/wp-json\/wp\/v2\/types\/product"}],"wp:featuredmedia":[{"embeddable":true,"href":"https:\/\/www.mr-vin.com\/en\/wp-json\/wp\/v2\/media\/6928"}],"wp:attachment":[{"href":"https:\/\/www.mr-vin.com\/en\/wp-json\/wp\/v2\/media?parent=6927"}],"wp:term":[{"taxonomy":"product_brand","embeddable":true,"href":"https:\/\/www.mr-vin.com\/en\/wp-json\/wp\/v2\/product_brand?post=6927"},{"taxonomy":"product_cat","embeddable":true,"href":"https:\/\/www.mr-vin.com\/en\/wp-json\/wp\/v2\/product_cat?post=6927"},{"taxonomy":"product_tag","embeddable":true,"href":"https:\/\/www.mr-vin.com\/en\/wp-json\/wp\/v2\/product_tag?post=6927"}],"curies":[{"name":"wp","href":"https:\/\/api.w.org\/{rel}","templated":true}]}}