{"id":6923,"date":"2022-07-20T12:06:14","date_gmt":"2022-07-20T10:06:14","guid":{"rendered":"https:\/\/www.mr-vin.com\/?post_type=product&#038;p=6923"},"modified":"2025-12-16T12:07:18","modified_gmt":"2025-12-16T10:07:18","slug":"almanova-mencia","status":"publish","type":"product","link":"https:\/\/www.mr-vin.com\/en\/product\/almanova-mencia\/","title":{"rendered":"Almanova mencia"},"content":{"rendered":"<p>Monovarietal de <strong>Menc\u00eda <\/strong>procedente de vi\u00f1edos ubicados en laderas con esposici\u00f3n sur-sureste. Tras una <strong>vendimia manua<\/strong>l por las duras condiciones del terreno, se lleva a cabo una vinificaci\u00f3n tradicional que da lugar a un vino con un <strong>car\u00e1cter bals\u00e1mico y especiado <\/strong>evidente en cata.<\/p>\n","protected":false},"excerpt":{"rendered":"<p>Monovarietal de Menc\u00eda procedente de vi\u00f1edos ubicados en laderas con esposici\u00f3n sur-sureste. Tras una vendimia manual por las duras condiciones\u2026<\/p>\n","protected":false},"featured_media":6924,"template":"","meta":{"inline_featured_image":false,"_monsterinsights_skip_tracking":false,"_monsterinsights_sitenote_active":false,"_monsterinsights_sitenote_note":"","_monsterinsights_sitenote_category":0},"product_brand":[],"product_cat":[792,77],"product_tag":[],"class_list":{"0":"post-6923","1":"product","2":"type-product","3":"status-publish","4":"has-post-thumbnail","6":"product_cat-novedades","7":"product_cat-vinos-tintos","8":"pa_bodega-alma-das-donas","9":"pa_zona-vinicola-d-o-ribeira-sacra","11":"first","12":"instock","13":"taxable","14":"shipping-taxable","15":"purchasable","16":"product-type-simple"},"_links":{"self":[{"href":"https:\/\/www.mr-vin.com\/en\/wp-json\/wp\/v2\/product\/6923","targetHints":{"allow":["GET"]}}],"collection":[{"href":"https:\/\/www.mr-vin.com\/en\/wp-json\/wp\/v2\/product"}],"about":[{"href":"https:\/\/www.mr-vin.com\/en\/wp-json\/wp\/v2\/types\/product"}],"wp:featuredmedia":[{"embeddable":true,"href":"https:\/\/www.mr-vin.com\/en\/wp-json\/wp\/v2\/media\/6924"}],"wp:attachment":[{"href":"https:\/\/www.mr-vin.com\/en\/wp-json\/wp\/v2\/media?parent=6923"}],"wp:term":[{"taxonomy":"product_brand","embeddable":true,"href":"https:\/\/www.mr-vin.com\/en\/wp-json\/wp\/v2\/product_brand?post=6923"},{"taxonomy":"product_cat","embeddable":true,"href":"https:\/\/www.mr-vin.com\/en\/wp-json\/wp\/v2\/product_cat?post=6923"},{"taxonomy":"product_tag","embeddable":true,"href":"https:\/\/www.mr-vin.com\/en\/wp-json\/wp\/v2\/product_tag?post=6923"}],"curies":[{"name":"wp","href":"https:\/\/api.w.org\/{rel}","templated":true}]}}