{"id":6920,"date":"2022-07-20T11:15:53","date_gmt":"2022-07-20T09:15:53","guid":{"rendered":"https:\/\/www.mr-vin.com\/?post_type=product&#038;p=6920"},"modified":"2024-05-30T12:57:08","modified_gmt":"2024-05-30T10:57:08","slug":"almamadre-mencia","status":"publish","type":"product","link":"https:\/\/www.mr-vin.com\/en\/product\/almamadre-mencia\/","title":{"rendered":"Almamadre mencia"},"content":{"rendered":"<p>12 meses en barrica de roble franc\u00e9s y entre 6-12 meses en botella.<\/p>\n<p><em>Menc\u00eda 100% producci\u00f3n propia.<\/em><\/p>\n","protected":false},"excerpt":{"rendered":"<p>12 meses en barrica de roble franc\u00e9s y entre 6-12 meses en botella. Menc\u00eda 100% producci\u00f3n propia.<\/p>\n","protected":false},"featured_media":6921,"template":"","meta":{"inline_featured_image":false,"_monsterinsights_skip_tracking":false,"_monsterinsights_sitenote_active":false,"_monsterinsights_sitenote_note":"","_monsterinsights_sitenote_category":0},"product_brand":[],"product_cat":[792,77],"product_tag":[],"class_list":{"0":"post-6920","1":"product","2":"type-product","3":"status-publish","4":"has-post-thumbnail","6":"product_cat-novedades","7":"product_cat-vinos-tintos","8":"pa_bodega-pena-das-donas","9":"pa_zona-vinicola-d-o-ribeira-sacra","11":"first","12":"instock","13":"taxable","14":"shipping-taxable","15":"purchasable","16":"product-type-simple"},"_links":{"self":[{"href":"https:\/\/www.mr-vin.com\/en\/wp-json\/wp\/v2\/product\/6920","targetHints":{"allow":["GET"]}}],"collection":[{"href":"https:\/\/www.mr-vin.com\/en\/wp-json\/wp\/v2\/product"}],"about":[{"href":"https:\/\/www.mr-vin.com\/en\/wp-json\/wp\/v2\/types\/product"}],"wp:featuredmedia":[{"embeddable":true,"href":"https:\/\/www.mr-vin.com\/en\/wp-json\/wp\/v2\/media\/6921"}],"wp:attachment":[{"href":"https:\/\/www.mr-vin.com\/en\/wp-json\/wp\/v2\/media?parent=6920"}],"wp:term":[{"taxonomy":"product_brand","embeddable":true,"href":"https:\/\/www.mr-vin.com\/en\/wp-json\/wp\/v2\/product_brand?post=6920"},{"taxonomy":"product_cat","embeddable":true,"href":"https:\/\/www.mr-vin.com\/en\/wp-json\/wp\/v2\/product_cat?post=6920"},{"taxonomy":"product_tag","embeddable":true,"href":"https:\/\/www.mr-vin.com\/en\/wp-json\/wp\/v2\/product_tag?post=6920"}],"curies":[{"name":"wp","href":"https:\/\/api.w.org\/{rel}","templated":true}]}}