{"id":6912,"date":"2022-07-19T18:49:41","date_gmt":"2022-07-19T16:49:41","guid":{"rendered":"https:\/\/www.mr-vin.com\/?post_type=product&#038;p=6912"},"modified":"2026-02-04T12:46:35","modified_gmt":"2026-02-04T10:46:35","slug":"agusti-torello-mata-ubac-gran-reserva","status":"publish","type":"product","link":"https:\/\/www.mr-vin.com\/en\/product\/agusti-torello-mata-ubac-gran-reserva\/","title":{"rendered":"Agust\u00ed Torell\u00f3 Mata Ubac Gran Reserva"},"content":{"rendered":"<p><strong>Agust\u00ed Torell\u00f3 Mata Ubac Gran Reserva<\/strong> es un espumoso con 30 meses de crianza en botella elaborado por <strong>Agust\u00ed Torell\u00f3 Mata<\/strong> con las variedades tradicionales de la <strong>D.O. Cava, macabeo, parellada y xarel\u00b7lo.<\/strong><\/p>\n","protected":false},"excerpt":{"rendered":"<p>Agust\u00ed Torell\u00f3 Mata Ubac Gran Reserva es un espumoso con 30 meses de crianza en botella elaborado por Agust\u00ed Torell\u00f3\u2026<\/p>\n","protected":false},"featured_media":6913,"template":"","meta":{"inline_featured_image":false,"_monsterinsights_skip_tracking":false,"_monsterinsights_sitenote_active":false,"_monsterinsights_sitenote_note":"","_monsterinsights_sitenote_category":0},"product_brand":[],"product_cat":[277,792,988],"product_tag":[],"class_list":{"0":"post-6912","1":"product","2":"type-product","3":"status-publish","4":"has-post-thumbnail","6":"product_cat-espumosos","7":"product_cat-novedades","8":"product_cat-san-valentin-2026","9":"pa_bodega-agusti-torello-mata","10":"pa_zona-vinicola-d-o-cava","12":"first","13":"instock","14":"taxable","15":"shipping-taxable","16":"purchasable","17":"product-type-simple"},"_links":{"self":[{"href":"https:\/\/www.mr-vin.com\/en\/wp-json\/wp\/v2\/product\/6912","targetHints":{"allow":["GET"]}}],"collection":[{"href":"https:\/\/www.mr-vin.com\/en\/wp-json\/wp\/v2\/product"}],"about":[{"href":"https:\/\/www.mr-vin.com\/en\/wp-json\/wp\/v2\/types\/product"}],"wp:featuredmedia":[{"embeddable":true,"href":"https:\/\/www.mr-vin.com\/en\/wp-json\/wp\/v2\/media\/6913"}],"wp:attachment":[{"href":"https:\/\/www.mr-vin.com\/en\/wp-json\/wp\/v2\/media?parent=6912"}],"wp:term":[{"taxonomy":"product_brand","embeddable":true,"href":"https:\/\/www.mr-vin.com\/en\/wp-json\/wp\/v2\/product_brand?post=6912"},{"taxonomy":"product_cat","embeddable":true,"href":"https:\/\/www.mr-vin.com\/en\/wp-json\/wp\/v2\/product_cat?post=6912"},{"taxonomy":"product_tag","embeddable":true,"href":"https:\/\/www.mr-vin.com\/en\/wp-json\/wp\/v2\/product_tag?post=6912"}],"curies":[{"name":"wp","href":"https:\/\/api.w.org\/{rel}","templated":true}]}}