{"id":6890,"date":"2022-07-15T13:29:06","date_gmt":"2022-07-15T11:29:06","guid":{"rendered":"https:\/\/www.mr-vin.com\/?post_type=product&#038;p=6890"},"modified":"2024-05-30T12:57:08","modified_gmt":"2024-05-30T10:57:08","slug":"vinyes-velles-de-samso","status":"publish","type":"product","link":"https:\/\/www.mr-vin.com\/en\/product\/vinyes-velles-de-samso\/","title":{"rendered":"Vinyes Velles de Sams\u00f3"},"content":{"rendered":"<p>Algunas vi\u00f1as viejas son como peque\u00f1as joyas que junto con la a\u00f1ada dejan una huella que dif\u00edcilmente se pueden repetir y que Vinyes Dom\u00e8nech seleccionamos para poder compartir creando una colecci\u00f3n de nombre \u00abExperiencias\u00bb y que s\u00f3lo ser\u00e1n micro vinificaciones limitadas y excepcionales.<br \/>\nEs un vi\u00f1edo de cari\u00f1enas muy viejas, de poco rendimiento y que seleccionamos de una parcela de 0,74 Ha. de nuestra finca de Mas d\u2019en Tost en Masroig.<\/p>\n","protected":false},"excerpt":{"rendered":"<p>Algunas vi\u00f1as viejas son como peque\u00f1as joyas que junto con la a\u00f1ada dejan una huella que dif\u00edcilmente se pueden repetir\u2026<\/p>\n","protected":false},"featured_media":6891,"template":"","meta":{"inline_featured_image":false,"_monsterinsights_skip_tracking":false,"_monsterinsights_sitenote_active":false,"_monsterinsights_sitenote_note":"","_monsterinsights_sitenote_category":0},"product_brand":[],"product_cat":[792,77],"product_tag":[],"class_list":{"0":"post-6890","1":"product","2":"type-product","3":"status-publish","4":"has-post-thumbnail","6":"product_cat-novedades","7":"product_cat-vinos-tintos","8":"pa_bodega-vinyes-domenech","9":"pa_zona-vinicola-d-o-montsant","11":"first","12":"instock","13":"taxable","14":"shipping-taxable","15":"purchasable","16":"product-type-simple"},"_links":{"self":[{"href":"https:\/\/www.mr-vin.com\/en\/wp-json\/wp\/v2\/product\/6890","targetHints":{"allow":["GET"]}}],"collection":[{"href":"https:\/\/www.mr-vin.com\/en\/wp-json\/wp\/v2\/product"}],"about":[{"href":"https:\/\/www.mr-vin.com\/en\/wp-json\/wp\/v2\/types\/product"}],"wp:featuredmedia":[{"embeddable":true,"href":"https:\/\/www.mr-vin.com\/en\/wp-json\/wp\/v2\/media\/6891"}],"wp:attachment":[{"href":"https:\/\/www.mr-vin.com\/en\/wp-json\/wp\/v2\/media?parent=6890"}],"wp:term":[{"taxonomy":"product_brand","embeddable":true,"href":"https:\/\/www.mr-vin.com\/en\/wp-json\/wp\/v2\/product_brand?post=6890"},{"taxonomy":"product_cat","embeddable":true,"href":"https:\/\/www.mr-vin.com\/en\/wp-json\/wp\/v2\/product_cat?post=6890"},{"taxonomy":"product_tag","embeddable":true,"href":"https:\/\/www.mr-vin.com\/en\/wp-json\/wp\/v2\/product_tag?post=6890"}],"curies":[{"name":"wp","href":"https:\/\/api.w.org\/{rel}","templated":true}]}}